{"id":478,"date":"2024-12-02T16:56:01","date_gmt":"2024-12-02T19:56:01","guid":{"rendered":"https:\/\/www.vydence.com\/?page_id=478"},"modified":"2025-02-18T11:02:40","modified_gmt":"2025-02-18T14:02:40","slug":"siberian-fit","status":"publish","type":"page","link":"https:\/\/www.vydence.com\/pt-br\/siberian-fit\/","title":{"rendered":"Siberian-FIT"},"content":{"rendered":"<p>[et_pb_section fb_built=&#8221;1&#8243; admin_label=&#8221;banner ap\u00f3s topo&#8221; _builder_version=&#8221;4.27.4&#8243; _module_preset=&#8221;default&#8221; background_image=&#8221;https:\/\/www.vydence.com\/wp-content\/uploads\/2024\/12\/Grupo-8016.webp&#8221; min_height=&#8221;360px&#8221; min_height_tablet=&#8221;220px&#8221; min_height_phone=&#8221;220px&#8221; min_height_last_edited=&#8221;on|phone&#8221; max_height=&#8221;236px&#8221; custom_padding=&#8221;128px||0px||false|false&#8221; border_color_all=&#8221;#73abc7&#8243; border_width_bottom=&#8221;12px&#8221; global_colors_info=&#8221;{}&#8221;][\/et_pb_section][et_pb_section fb_built=&#8221;1&#8243; custom_padding_last_edited=&#8221;on|phone&#8221; _builder_version=&#8221;4.27.4&#8243; _module_preset=&#8221;default&#8221; custom_padding=&#8221;0px||0px|||&#8221; custom_padding_tablet=&#8221;0px|||||&#8221; custom_padding_phone=&#8221;0px||4px||false|false&#8221; global_colors_info=&#8221;{}&#8221;][et_pb_row column_structure=&#8221;1_2,1_2&#8243; use_custom_gutter=&#8221;on&#8221; _builder_version=&#8221;4.27.4&#8243; _module_preset=&#8221;default&#8221; custom_margin_tablet=&#8221;&#8221; custom_margin_phone=&#8221;||0px||false|false&#8221; custom_margin_last_edited=&#8221;on|phone&#8221; custom_padding=&#8221;||0px||false|false&#8221; global_colors_info=&#8221;{}&#8221;][et_pb_column type=&#8221;1_2&#8243; _builder_version=&#8221;4.27.4&#8243; _module_preset=&#8221;default&#8221; global_colors_info=&#8221;{}&#8221;][et_pb_image src=&#8221;https:\/\/www.vydence.com\/wp-content\/uploads\/2024\/12\/siberian-fit-1.svg&#8221; title_text=&#8221;siberian-fit&#8221; align_tablet=&#8221;center&#8221; align_phone=&#8221;center&#8221; align_last_edited=&#8221;on|phone&#8221; _builder_version=&#8221;4.27.4&#8243; _module_preset=&#8221;default&#8221; max_width=&#8221;232px&#8221; custom_margin=&#8221;36px||||false|false&#8221; custom_margin_tablet=&#8221;|||0px|false|false&#8221; custom_margin_phone=&#8221;0px||0px|47px|false|false&#8221; custom_margin_last_edited=&#8221;on|tablet&#8221; hover_enabled=&#8221;0&#8243; module_alignment_tablet=&#8221;center&#8221; module_alignment_phone=&#8221;center&#8221; module_alignment_last_edited=&#8221;on|tablet&#8221; global_colors_info=&#8221;{}&#8221; animation_style=&#8221;fade&#8221; sticky_enabled=&#8221;0&#8243;][\/et_pb_image][et_pb_text _builder_version=&#8221;4.27.4&#8243; _module_preset=&#8221;default&#8221; text_text_color=&#8221;#000000&#8243; text_font_size=&#8221;17px&#8221; max_width=&#8221;400px&#8221; custom_margin_tablet=&#8221;&#8221; custom_margin_phone=&#8221;22px||||false|false&#8221; custom_margin_last_edited=&#8221;on|phone&#8221; text_orientation_tablet=&#8221;center&#8221; text_orientation_phone=&#8221;center&#8221; text_orientation_last_edited=&#8221;on|tablet&#8221; module_alignment_tablet=&#8221;center&#8221; module_alignment_phone=&#8221;center&#8221; module_alignment_last_edited=&#8221;on|tablet&#8221; global_colors_info=&#8221;{}&#8221;]<\/p>\n<p>Resfriador epid\u00e9rmico a ar\u200b.<br \/>A revolu\u00e7\u00e3o em resfriamento epid\u00e9rmico intenso.<\/p>\n<p>[\/et_pb_text][\/et_pb_column][et_pb_column type=&#8221;1_2&#8243; _builder_version=&#8221;4.27.4&#8243; _module_preset=&#8221;default&#8221; global_colors_info=&#8221;{}&#8221;][et_pb_image src=&#8221;https:\/\/www.vydence.com\/wp-content\/uploads\/2024\/12\/Etherea_04_Master.webp&#8221; title_text=&#8221;Etherea_04_Master&#8221; _builder_version=&#8221;4.27.4&#8243; _module_preset=&#8221;default&#8221; module_alignment=&#8221;center&#8221; custom_margin=&#8221;-245px||||false|false&#8221; custom_margin_tablet=&#8221;0px||||false|false&#8221; custom_margin_phone=&#8221;-28px|||-20px|false|false&#8221; custom_margin_last_edited=&#8221;on|tablet&#8221; hover_enabled=&#8221;0&#8243; global_colors_info=&#8221;{}&#8221; animation_style=&#8221;fade&#8221; sticky_enabled=&#8221;0&#8243;][\/et_pb_image][\/et_pb_column][\/et_pb_row][\/et_pb_section][et_pb_section fb_built=&#8221;1&#8243; _builder_version=&#8221;4.27.4&#8243; _module_preset=&#8221;default&#8221; global_colors_info=&#8221;{}&#8221;][et_pb_row column_structure=&#8221;1_5,1_5,1_5,1_5,1_5&#8243; use_custom_gutter=&#8221;on&#8221; gutter_width=&#8221;2&#8243; custom_padding_last_edited=&#8221;on|phone&#8221; _builder_version=&#8221;4.27.4&#8243; _module_preset=&#8221;default&#8221; width=&#8221;auto&#8221; max_width_tablet=&#8221;95%&#8221; max_width_phone=&#8221;95%&#8221; max_width_last_edited=&#8221;on|tablet&#8221; module_alignment=&#8221;center&#8221; custom_margin=&#8221;||||false|false&#8221; custom_padding=&#8221;|40px||32px|false|false&#8221; custom_padding_tablet=&#8221;|14px||14px|false|true&#8221; custom_padding_phone=&#8221;|27px||27px|false|true&#8221; border_radii=&#8221;on|59px|59px|59px|59px&#8221; border_width_all=&#8221;1px&#8221; border_color_all=&#8221;#707070&#8243; global_colors_info=&#8221;{}&#8221;][et_pb_column type=&#8221;1_5&#8243; _builder_version=&#8221;4.27.4&#8243; _module_preset=&#8221;default&#8221; global_colors_info=&#8221;{}&#8221;][et_pb_blurb image=&#8221;https:\/\/www.vydence.com\/wp-content\/uploads\/2024\/12\/Grupo-390.webp&#8221; image_icon_width=&#8221;80%&#8221; _builder_version=&#8221;4.27.4&#8243; _module_preset=&#8221;default&#8221; body_text_align=&#8221;center&#8221; body_text_color=&#8221;#000000&#8243; body_font_size=&#8221;15px&#8221; custom_margin=&#8221;20px||20px||true|false&#8221; hover_enabled=&#8221;0&#8243; global_colors_info=&#8221;{}&#8221; animation_style=&#8221;fade&#8221; sticky_enabled=&#8221;0&#8243;]<\/p>\n<p><strong>Efici\u00eancia em refrigera\u00e7\u00e3o<\/strong><br \/>Jato de ar com 8 n\u00edveis de intensidade e temperaturas que podem alcan\u00e7ar at\u00e9 -30 \u00b0C.\u200b<\/p>\n<p>[\/et_pb_blurb][\/et_pb_column][et_pb_column type=&#8221;1_5&#8243; _builder_version=&#8221;4.27.4&#8243; _module_preset=&#8221;default&#8221; global_colors_info=&#8221;{}&#8221;][et_pb_blurb image=&#8221;https:\/\/www.vydence.com\/wp-content\/uploads\/2024\/12\/Grupo-392.webp&#8221; image_icon_width=&#8221;80%&#8221; _builder_version=&#8221;4.27.4&#8243; _module_preset=&#8221;default&#8221; body_text_color=&#8221;#000000&#8243; body_font_size=&#8221;15px&#8221; custom_margin=&#8221;20px||||false|false&#8221; hover_enabled=&#8221;0&#8243; global_colors_info=&#8221;{}&#8221; animation_style=&#8221;fade&#8221; animation_duration=&#8221;1500ms&#8221; sticky_enabled=&#8221;0&#8243;]<\/p>\n<p style=\"text-align: center;\"><strong>Excel\u00eancia em analgesia epid\u00e9rmica tempor\u00e1ria<\/strong><br \/>Mais conforto durante tratamentos, como: LASER, luz intensa pulsada ou injet\u00e1veis.\u200b<\/p>\n<p>[\/et_pb_blurb][\/et_pb_column][et_pb_column type=&#8221;1_5&#8243; _builder_version=&#8221;4.27.4&#8243; _module_preset=&#8221;default&#8221; global_colors_info=&#8221;{}&#8221;][et_pb_blurb image=&#8221;https:\/\/www.vydence.com\/wp-content\/uploads\/2024\/12\/Grupo-385.webp&#8221; image_icon_width=&#8221;80%&#8221; _builder_version=&#8221;4.27.4&#8243; _module_preset=&#8221;default&#8221; body_text_align=&#8221;center&#8221; body_text_color=&#8221;#000000&#8243; body_font_size=&#8221;15px&#8221; custom_margin=&#8221;20px||20px||false|false&#8221; hover_enabled=&#8221;0&#8243; global_colors_info=&#8221;{}&#8221; animation_style=&#8221;fade&#8221; animation_duration=&#8221;2000ms&#8221; sticky_enabled=&#8221;0&#8243;]<\/p>\n<p style=\"text-align: center;\"><strong>Mais seguran\u00e7a<\/strong><br \/><strong>e efic\u00e1cia<\/strong><br \/>Prote\u00e7\u00e3o da epiderme possibilitando tratamentos mais agressivos com<br \/>LASER ou LIP.\u200b<\/p>\n<p>[\/et_pb_blurb][\/et_pb_column][et_pb_column type=&#8221;1_5&#8243; _builder_version=&#8221;4.27.4&#8243; _module_preset=&#8221;default&#8221; global_colors_info=&#8221;{}&#8221;][et_pb_blurb image=&#8221;https:\/\/www.vydence.com\/wp-content\/uploads\/2024\/12\/Grupo-393.webp&#8221; image_icon_width=&#8221;80%&#8221; _builder_version=&#8221;4.27.4&#8243; _module_preset=&#8221;default&#8221; body_text_color=&#8221;#000000&#8243; body_font_size=&#8221;15px&#8221; custom_margin=&#8221;28px||||false|false&#8221; hover_enabled=&#8221;0&#8243; global_colors_info=&#8221;{}&#8221; animation_style=&#8221;fade&#8221; animation_duration=&#8221;2500ms&#8221; sticky_enabled=&#8221;0&#8243;]<\/p>\n<p style=\"text-align: center;\"><strong>Hands-Free<\/strong><br \/>Praticidade e precis\u00e3o com o sistema de acoplamento nos handpieces do ETHEREA-MX\u00ae e ZYE\u00ae.\u200b<\/p>\n<p>[\/et_pb_blurb][\/et_pb_column][et_pb_column type=&#8221;1_5&#8243; _builder_version=&#8221;4.27.4&#8243; _module_preset=&#8221;default&#8221; global_colors_info=&#8221;{}&#8221;][et_pb_blurb image=&#8221;https:\/\/www.vydence.com\/wp-content\/uploads\/2024\/12\/Grupo-382.webp&#8221; image_icon_width=&#8221;80%&#8221; _builder_version=&#8221;4.27.4&#8243; _module_preset=&#8221;default&#8221; body_text_align=&#8221;center&#8221; body_text_color=&#8221;#000000&#8243; body_font_size=&#8221;15px&#8221; custom_margin=&#8221;20px||||false|false&#8221; hover_enabled=&#8221;0&#8243; global_colors_info=&#8221;{}&#8221; animation_style=&#8221;fade&#8221; animation_duration=&#8221;3000ms&#8221; sticky_enabled=&#8221;0&#8243;]<\/p>\n<p style=\"text-align: center;\"><strong>Melhor custo benef\u00edcio do mercado<\/strong><br \/>Ar como condutor de frio, sem consum\u00edveis.\u200b\u200b<\/p>\n<p>[\/et_pb_blurb][\/et_pb_column][\/et_pb_row][\/et_pb_section][et_pb_section fb_built=&#8221;1&#8243; custom_padding_last_edited=&#8221;on|tablet&#8221; _builder_version=&#8221;4.27.4&#8243; _module_preset=&#8221;default&#8221; z_index=&#8221;5555&#8243; overflow-y=&#8221;visible&#8221; custom_padding=&#8221;133px|||||&#8221; custom_padding_tablet=&#8221;15px||0px||false|false&#8221; custom_padding_phone=&#8221;15px||0px||false|false&#8221; global_colors_info=&#8221;{}&#8221;][et_pb_row column_structure=&#8221;1_2,1_2&#8243; _builder_version=&#8221;4.27.4&#8243; _module_preset=&#8221;default&#8221; background_color=&#8221;#73abc7&#8243; z_index=&#8221;8888&#8243; width_tablet=&#8221;&#8221; width_phone=&#8221;&#8221; width_last_edited=&#8221;on|phone&#8221; max_height=&#8221;313px&#8221; max_height_tablet=&#8221;313px&#8221; max_height_phone=&#8221;&#8221; max_height_last_edited=&#8221;on|phone&#8221; custom_margin=&#8221;|auto|32px|auto|false|false&#8221; custom_padding=&#8221;|44px||44px|false|true&#8221; custom_css_main_element=&#8221;overflow: visible&#8221; border_radii=&#8221;on|30px|30px|30px|30px&#8221; global_colors_info=&#8221;{}&#8221;][et_pb_column type=&#8221;1_2&#8243; _builder_version=&#8221;4.27.4&#8243; _module_preset=&#8221;default&#8221; global_colors_info=&#8221;{}&#8221;][et_pb_text _builder_version=&#8221;4.27.4&#8243; _module_preset=&#8221;default&#8221; text_font=&#8221;|800|||||||&#8221; text_text_color=&#8221;#FFFFFF&#8221; text_font_size=&#8221;27px&#8221; header_font=&#8221;|600|||||||&#8221; header_text_align=&#8221;center&#8221; header_text_color=&#8221;#FFFFFF&#8221; header_font_size=&#8221;21px&#8221; header_2_text_color=&#8221;#000000&#8243; header_2_font_size=&#8221;29px&#8221; text_orientation_tablet=&#8221;center&#8221; text_orientation_phone=&#8221;center&#8221; text_orientation_last_edited=&#8221;on|phone&#8221; module_alignment_tablet=&#8221;center&#8221; module_alignment_phone=&#8221;center&#8221; module_alignment_last_edited=&#8221;on|tablet&#8221; global_colors_info=&#8221;{}&#8221;]<\/p>\n<p>Design inteligente<\/p>\n<p>[\/et_pb_text][et_pb_text _builder_version=&#8221;4.27.4&#8243; _module_preset=&#8221;default&#8221; text_text_color=&#8221;#FFFFFF&#8221; text_font_size=&#8221;18px&#8221; max_width_tablet=&#8221;&#8221; max_width_phone=&#8221;&#8221; max_width_last_edited=&#8221;on|phone&#8221; text_orientation_tablet=&#8221;center&#8221; text_orientation_phone=&#8221;center&#8221; text_orientation_last_edited=&#8221;on|phone&#8221; module_alignment_tablet=&#8221;center&#8221; module_alignment_phone=&#8221;center&#8221; module_alignment_last_edited=&#8221;on|tablet&#8221; global_colors_info=&#8221;{}&#8221;]<\/p>\n<p>Bra\u00e7o articulado integrado para total autonomia durante os procedimentos e design que permite ser utilizado como mesa auxiliar.<\/p>\n<p>[\/et_pb_text][\/et_pb_column][et_pb_column type=&#8221;1_2&#8243; _builder_version=&#8221;4.27.4&#8243; _module_preset=&#8221;default&#8221; global_colors_info=&#8221;{}&#8221;][et_pb_image src=&#8221;https:\/\/www.vydence.com\/wp-content\/uploads\/2024\/12\/Etherea_04_Master.webp&#8221; title_text=&#8221;Etherea_04_Master&#8221; align_tablet=&#8221;&#8221; align_phone=&#8221;center&#8221; align_last_edited=&#8221;on|tablet&#8221; _builder_version=&#8221;4.27.4&#8243; _module_preset=&#8221;default&#8221; transform_scale_tablet=&#8221;&#8221; transform_scale_phone=&#8221;138%|138%&#8221; transform_scale_last_edited=&#8221;on|tablet&#8221; transform_translate_tablet=&#8221;-46px|0px&#8221; transform_translate_phone=&#8221;-13px|0px&#8221; transform_translate_last_edited=&#8221;on|tablet&#8221; transform_translate_linked_tablet=&#8221;off&#8221; transform_rotate_tablet=&#8221;&#8221; transform_rotate_phone=&#8221;&#8221; transform_rotate_last_edited=&#8221;on|tablet&#8221; transform_skew_tablet=&#8221;&#8221; transform_skew_phone=&#8221;&#8221; transform_skew_last_edited=&#8221;on|tablet&#8221; transform_origin_tablet=&#8221;&#8221; transform_origin_phone=&#8221;&#8221; transform_origin_last_edited=&#8221;on|tablet&#8221; transform_styles_last_edited=&#8221;on|tablet&#8221; module_alignment=&#8221;center&#8221; custom_margin=&#8221;-187px||||false|false&#8221; custom_margin_tablet=&#8221;0px||||false|false&#8221; custom_margin_phone=&#8221;0px||||false|false&#8221; custom_margin_last_edited=&#8221;on|tablet&#8221; custom_padding=&#8221;||||false|false&#8221; transform_styles_tablet=&#8221;&#8221; transform_styles_phone=&#8221;&#8221; global_colors_info=&#8221;{}&#8221;][\/et_pb_image][\/et_pb_column][\/et_pb_row][\/et_pb_section][et_pb_section fb_built=&#8221;1&#8243; _builder_version=&#8221;4.27.4&#8243; _module_preset=&#8221;default&#8221; custom_padding=&#8221;0px|||||&#8221; global_colors_info=&#8221;{}&#8221;][et_pb_row _builder_version=&#8221;4.27.4&#8243; _module_preset=&#8221;default&#8221; global_colors_info=&#8221;{}&#8221;][et_pb_column type=&#8221;4_4&#8243; _builder_version=&#8221;4.27.4&#8243; _module_preset=&#8221;default&#8221; global_colors_info=&#8221;{}&#8221;][et_pb_button button_url=&#8221;https:\/\/www.vydence.com\/contato\/&#8221; url_new_window=&#8221;on&#8221; button_text=&#8221;Fale com um representante&#8221; button_alignment=&#8221;left&#8221; _builder_version=&#8221;4.27.4&#8243; _module_preset=&#8221;default&#8221; custom_button=&#8221;on&#8221; button_text_size=&#8221;16px&#8221; button_text_color=&#8221;#FFFFFF&#8221; button_bg_color=&#8221;#73abc7&#8243; button_border_radius=&#8221;13px&#8221; button_letter_spacing=&#8221;0px&#8221; button_font=&#8221;|300|||||||&#8221; button_icon=&#8221;&#x24;||divi||400&#8243; button_icon_color=&#8221;#FFFFFF&#8221; button_on_hover=&#8221;off&#8221; custom_margin=&#8221;||||false|false&#8221; custom_padding=&#8221;26px||26px||false|false&#8221; custom_css_main_element=&#8221;width: 100%&#8221; global_colors_info=&#8221;{}&#8221;][\/et_pb_button][et_pb_text _builder_version=&#8221;4.27.4&#8243; _module_preset=&#8221;default&#8221; text_text_color=&#8221;rgba(0,0,0,0.71)&#8221; text_font_size=&#8221;12px&#8221; global_colors_info=&#8221;{}&#8221;]<\/p>\n<p style=\"text-align: center;\">REGISTRO NA ANVISA: 80058589003<\/p>\n<p>[\/et_pb_text][\/et_pb_column][\/et_pb_row][\/et_pb_section]<\/p>\n","protected":false},"excerpt":{"rendered":"<p>Resfriador epid\u00e9rmico a ar\u200b.A revolu\u00e7\u00e3o em resfriamento epid\u00e9rmico intenso.Efici\u00eancia em refrigera\u00e7\u00e3oJato de ar com 8 n\u00edveis de intensidade e temperaturas que podem alcan\u00e7ar at\u00e9 -30 \u00b0C.\u200bExcel\u00eancia em analgesia epid\u00e9rmica tempor\u00e1riaMais conforto durante tratamentos, como: LASER, luz intensa pulsada ou injet\u00e1veis.\u200bMais seguran\u00e7ae efic\u00e1ciaProte\u00e7\u00e3o da epiderme possibilitando tratamentos mais agressivos comLASER ou LIP.\u200bHands-FreePraticidade e precis\u00e3o com o [&hellip;]<\/p>\n","protected":false},"author":1,"featured_media":0,"parent":0,"menu_order":0,"comment_status":"closed","ping_status":"closed","template":"","meta":{"_et_pb_use_builder":"on","_et_pb_old_content":"","_et_gb_content_width":"","inline_featured_image":false,"footnotes":""},"class_list":["post-478","page","type-page","status-publish","hentry"],"yoast_head":"<!-- This site is optimized with the Yoast SEO Premium plugin v27.1 (Yoast SEO v27.1.1) - https:\/\/yoast.com\/product\/yoast-seo-premium-wordpress\/ -->\n<title>Siberian-FIT - VYDENCE<\/title>\n<meta name=\"robots\" content=\"index, follow, max-snippet:-1, max-image-preview:large, max-video-preview:-1\" \/>\n<link rel=\"canonical\" href=\"https:\/\/www.vydence.com\/pt-br\/siberian-fit\/\" \/>\n<meta property=\"og:locale\" content=\"pt_BR\" \/>\n<meta property=\"og:type\" content=\"article\" \/>\n<meta property=\"og:title\" content=\"Siberian-FIT\" \/>\n<meta property=\"og:description\" content=\"Resfriador epid\u00e9rmico a ar\u200b.A revolu\u00e7\u00e3o em resfriamento epid\u00e9rmico intenso.Efici\u00eancia em refrigera\u00e7\u00e3oJato de ar com 8 n\u00edveis de intensidade e temperaturas que podem alcan\u00e7ar at\u00e9 -30 \u00b0C.\u200bExcel\u00eancia em analgesia epid\u00e9rmica tempor\u00e1riaMais conforto durante tratamentos, como: LASER, luz intensa pulsada ou injet\u00e1veis.\u200bMais seguran\u00e7ae efic\u00e1ciaProte\u00e7\u00e3o da epiderme possibilitando tratamentos mais agressivos comLASER ou LIP.\u200bHands-FreePraticidade e precis\u00e3o com o [&hellip;]\" \/>\n<meta property=\"og:url\" content=\"https:\/\/www.vydence.com\/pt-br\/siberian-fit\/\" \/>\n<meta property=\"og:site_name\" content=\"VYDENCE\" \/>\n<meta property=\"article:publisher\" content=\"https:\/\/www.facebook.com\/VYDENCE\" \/>\n<meta property=\"article:modified_time\" content=\"2025-02-18T14:02:40+00:00\" \/>\n<meta name=\"twitter:card\" content=\"summary_large_image\" \/>\n<meta name=\"twitter:label1\" content=\"Est. tempo de leitura\" \/>\n\t<meta name=\"twitter:data1\" content=\"8 minutos\" \/>\n<script type=\"application\/ld+json\" class=\"yoast-schema-graph\">{\"@context\":\"https:\/\/schema.org\",\"@graph\":[{\"@type\":\"WebPage\",\"@id\":\"https:\/\/www.vydence.com\/pt-br\/siberian-fit\/\",\"url\":\"https:\/\/www.vydence.com\/pt-br\/siberian-fit\/\",\"name\":\"Siberian-FIT - VYDENCE\",\"isPartOf\":{\"@id\":\"https:\/\/www.vydence.com\/pt-br\/#website\"},\"datePublished\":\"2024-12-02T19:56:01+00:00\",\"dateModified\":\"2025-02-18T14:02:40+00:00\",\"breadcrumb\":{\"@id\":\"https:\/\/www.vydence.com\/pt-br\/siberian-fit\/#breadcrumb\"},\"inLanguage\":\"pt-BR\",\"potentialAction\":[{\"@type\":\"ReadAction\",\"target\":[\"https:\/\/www.vydence.com\/pt-br\/siberian-fit\/\"]}]},{\"@type\":\"BreadcrumbList\",\"@id\":\"https:\/\/www.vydence.com\/pt-br\/siberian-fit\/#breadcrumb\",\"itemListElement\":[{\"@type\":\"ListItem\",\"position\":1,\"name\":\"In\u00edcio\",\"item\":\"https:\/\/www.vydence.com\/pt-br\/\"},{\"@type\":\"ListItem\",\"position\":2,\"name\":\"Siberian-FIT\"}]},{\"@type\":\"WebSite\",\"@id\":\"https:\/\/www.vydence.com\/pt-br\/#website\",\"url\":\"https:\/\/www.vydence.com\/pt-br\/\",\"name\":\"VYDENCE\",\"description\":\"\",\"publisher\":{\"@id\":\"https:\/\/www.vydence.com\/pt-br\/#organization\"},\"potentialAction\":[{\"@type\":\"SearchAction\",\"target\":{\"@type\":\"EntryPoint\",\"urlTemplate\":\"https:\/\/www.vydence.com\/pt-br\/?s={search_term_string}\"},\"query-input\":{\"@type\":\"PropertyValueSpecification\",\"valueRequired\":true,\"valueName\":\"search_term_string\"}}],\"inLanguage\":\"pt-BR\"},{\"@type\":\"Organization\",\"@id\":\"https:\/\/www.vydence.com\/pt-br\/#organization\",\"name\":\"VYDENCE\",\"url\":\"https:\/\/www.vydence.com\/pt-br\/\",\"logo\":{\"@type\":\"ImageObject\",\"inLanguage\":\"pt-BR\",\"@id\":\"https:\/\/www.vydence.com\/pt-br\/#\/schema\/logo\/image\/\",\"url\":\"https:\/\/www.vydence.com\/wp-content\/uploads\/2024\/11\/Logo.svg\",\"contentUrl\":\"https:\/\/www.vydence.com\/wp-content\/uploads\/2024\/11\/Logo.svg\",\"width\":149,\"height\":40,\"caption\":\"VYDENCE\"},\"image\":{\"@id\":\"https:\/\/www.vydence.com\/pt-br\/#\/schema\/logo\/image\/\"},\"sameAs\":[\"https:\/\/www.facebook.com\/VYDENCE\"]}]}<\/script>\n<!-- \/ Yoast SEO Premium plugin. -->","yoast_head_json":{"title":"Siberian-FIT - VYDENCE","robots":{"index":"index","follow":"follow","max-snippet":"max-snippet:-1","max-image-preview":"max-image-preview:large","max-video-preview":"max-video-preview:-1"},"canonical":"https:\/\/www.vydence.com\/pt-br\/siberian-fit\/","og_locale":"pt_BR","og_type":"article","og_title":"Siberian-FIT","og_description":"Resfriador epid\u00e9rmico a ar\u200b.A revolu\u00e7\u00e3o em resfriamento epid\u00e9rmico intenso.Efici\u00eancia em refrigera\u00e7\u00e3oJato de ar com 8 n\u00edveis de intensidade e temperaturas que podem alcan\u00e7ar at\u00e9 -30 \u00b0C.\u200bExcel\u00eancia em analgesia epid\u00e9rmica tempor\u00e1riaMais conforto durante tratamentos, como: LASER, luz intensa pulsada ou injet\u00e1veis.\u200bMais seguran\u00e7ae efic\u00e1ciaProte\u00e7\u00e3o da epiderme possibilitando tratamentos mais agressivos comLASER ou LIP.\u200bHands-FreePraticidade e precis\u00e3o com o [&hellip;]","og_url":"https:\/\/www.vydence.com\/pt-br\/siberian-fit\/","og_site_name":"VYDENCE","article_publisher":"https:\/\/www.facebook.com\/VYDENCE","article_modified_time":"2025-02-18T14:02:40+00:00","twitter_card":"summary_large_image","twitter_misc":{"Est. tempo de leitura":"8 minutos"},"schema":{"@context":"https:\/\/schema.org","@graph":[{"@type":"WebPage","@id":"https:\/\/www.vydence.com\/pt-br\/siberian-fit\/","url":"https:\/\/www.vydence.com\/pt-br\/siberian-fit\/","name":"Siberian-FIT - VYDENCE","isPartOf":{"@id":"https:\/\/www.vydence.com\/pt-br\/#website"},"datePublished":"2024-12-02T19:56:01+00:00","dateModified":"2025-02-18T14:02:40+00:00","breadcrumb":{"@id":"https:\/\/www.vydence.com\/pt-br\/siberian-fit\/#breadcrumb"},"inLanguage":"pt-BR","potentialAction":[{"@type":"ReadAction","target":["https:\/\/www.vydence.com\/pt-br\/siberian-fit\/"]}]},{"@type":"BreadcrumbList","@id":"https:\/\/www.vydence.com\/pt-br\/siberian-fit\/#breadcrumb","itemListElement":[{"@type":"ListItem","position":1,"name":"In\u00edcio","item":"https:\/\/www.vydence.com\/pt-br\/"},{"@type":"ListItem","position":2,"name":"Siberian-FIT"}]},{"@type":"WebSite","@id":"https:\/\/www.vydence.com\/pt-br\/#website","url":"https:\/\/www.vydence.com\/pt-br\/","name":"VYDENCE","description":"","publisher":{"@id":"https:\/\/www.vydence.com\/pt-br\/#organization"},"potentialAction":[{"@type":"SearchAction","target":{"@type":"EntryPoint","urlTemplate":"https:\/\/www.vydence.com\/pt-br\/?s={search_term_string}"},"query-input":{"@type":"PropertyValueSpecification","valueRequired":true,"valueName":"search_term_string"}}],"inLanguage":"pt-BR"},{"@type":"Organization","@id":"https:\/\/www.vydence.com\/pt-br\/#organization","name":"VYDENCE","url":"https:\/\/www.vydence.com\/pt-br\/","logo":{"@type":"ImageObject","inLanguage":"pt-BR","@id":"https:\/\/www.vydence.com\/pt-br\/#\/schema\/logo\/image\/","url":"https:\/\/www.vydence.com\/wp-content\/uploads\/2024\/11\/Logo.svg","contentUrl":"https:\/\/www.vydence.com\/wp-content\/uploads\/2024\/11\/Logo.svg","width":149,"height":40,"caption":"VYDENCE"},"image":{"@id":"https:\/\/www.vydence.com\/pt-br\/#\/schema\/logo\/image\/"},"sameAs":["https:\/\/www.facebook.com\/VYDENCE"]}]}},"_links":{"self":[{"href":"https:\/\/www.vydence.com\/pt-br\/wp-json\/wp\/v2\/pages\/478","targetHints":{"allow":["GET"]}}],"collection":[{"href":"https:\/\/www.vydence.com\/pt-br\/wp-json\/wp\/v2\/pages"}],"about":[{"href":"https:\/\/www.vydence.com\/pt-br\/wp-json\/wp\/v2\/types\/page"}],"author":[{"embeddable":true,"href":"https:\/\/www.vydence.com\/pt-br\/wp-json\/wp\/v2\/users\/1"}],"replies":[{"embeddable":true,"href":"https:\/\/www.vydence.com\/pt-br\/wp-json\/wp\/v2\/comments?post=478"}],"version-history":[{"count":28,"href":"https:\/\/www.vydence.com\/pt-br\/wp-json\/wp\/v2\/pages\/478\/revisions"}],"predecessor-version":[{"id":20664,"href":"https:\/\/www.vydence.com\/pt-br\/wp-json\/wp\/v2\/pages\/478\/revisions\/20664"}],"wp:attachment":[{"href":"https:\/\/www.vydence.com\/pt-br\/wp-json\/wp\/v2\/media?parent=478"}],"curies":[{"name":"wp","href":"https:\/\/api.w.org\/{rel}","templated":true}]}}