{"id":20956,"date":"2025-05-28T12:10:33","date_gmt":"2025-05-28T15:10:33","guid":{"rendered":"https:\/\/www.vydence.com\/?page_id=20956"},"modified":"2025-05-28T12:10:33","modified_gmt":"2025-05-28T15:10:33","slug":"contato-2","status":"publish","type":"page","link":"https:\/\/www.vydence.com\/pt-br\/contato-2\/","title":{"rendered":"Contato"},"content":{"rendered":"<p>[et_pb_section fb_built=&#8221;1&#8243; _builder_version=&#8221;4.27.4&#8243; _module_preset=&#8221;default&#8221; background_color=&#8221;#19385a&#8221; background_enable_image=&#8221;off&#8221; custom_padding=&#8221;178px||46px||false|false&#8221; global_colors_info=&#8221;{}&#8221;][et_pb_row column_structure=&#8221;1_2,1_2&#8243; _builder_version=&#8221;4.27.4&#8243; _module_preset=&#8221;default&#8221; global_colors_info=&#8221;{}&#8221;][et_pb_column type=&#8221;1_2&#8243; _builder_version=&#8221;4.27.3&#8243; _module_preset=&#8221;default&#8221; global_colors_info=&#8221;{}&#8221;][et_pb_text _builder_version=&#8221;4.27.3&#8243; _module_preset=&#8221;default&#8221; text_text_color=&#8221;#FFFFFF&#8221; header_font=&#8221;Montserrat|600|||||||&#8221; header_text_color=&#8221;#FFFFFF&#8221; header_font_size=&#8221;40px&#8221; custom_margin=&#8221;54px|||||&#8221; global_colors_info=&#8221;{}&#8221;]<\/p>\n<h1>Contato<\/h1>\n<p>[\/et_pb_text][et_pb_text _builder_version=&#8221;4.27.3&#8243; _module_preset=&#8221;default&#8221; text_font=&#8221;Montserrat||||||||&#8221; text_text_color=&#8221;#FFFFFF&#8221; text_font_size=&#8221;17px&#8221; global_colors_info=&#8221;{}&#8221;]<\/p>\n<p>Na VYDENCE\u00ae Medical, estamos prontos para ajudar voc\u00ea. Seja para d\u00favidas, informa\u00e7\u00f5es sobre nossos produtos ou qualquer outra necessidade, nosso time de especialistas est\u00e1 \u00e0 disposi\u00e7\u00e3o.<\/p>\n<p>[\/et_pb_text][et_pb_text _builder_version=&#8221;4.27.3&#8243; _module_preset=&#8221;default&#8221; header_font=&#8221;Montserrat|600|||||||&#8221; header_text_color=&#8221;#FFFFFF&#8221; header_font_size=&#8221;40px&#8221; global_colors_info=&#8221;{}&#8221;]<\/p>\n<h1>P\u00f3s-vendas<\/h1>\n<p>[\/et_pb_text][et_pb_text _builder_version=&#8221;4.27.4&#8243; _module_preset=&#8221;default&#8221; text_font=&#8221;Montserrat|500|on||||||&#8221; text_text_color=&#8221;#FFFFFF&#8221; text_font_size=&#8221;17px&#8221; link_text_color=&#8221;#FFFFFF&#8221; global_colors_info=&#8221;{}&#8221;]<\/p>\n<p style=\"text-align: left;\">Atendimento de 2\u00aa a 6\u00aa feira, das 9h \u00e0s 17h.<\/p>\n<p><a href=\"mailto:assistenciatecnica@vydence.com\">assistenciatecnica@vydence.com<\/a><\/p>\n<p style=\"text-align: left;\">16 3306.5050 \u2013 ramal 2\u00a0 |\u00a0 \u00a016 98136.6929<\/p>\n<p>[\/et_pb_text][\/et_pb_column][et_pb_column type=&#8221;1_2&#8243; _builder_version=&#8221;4.27.3&#8243; _module_preset=&#8221;default&#8221; global_colors_info=&#8221;{}&#8221;][et_pb_code _builder_version=&#8221;4.27.4&#8243; _module_preset=&#8221;default&#8221; global_colors_info=&#8221;{}&#8221;]<\/p>\n<div role=\"main\" id=\"2025-site-fale-conosco-contato-geral-pt-ba77d660bd2975d2118d\"><\/div>\n<p><script type=\"text\/javascript\" src=\"https:\/\/d335luupugsy2.cloudfront.net\/js\/rdstation-forms\/stable\/rdstation-forms.min.js\"><\/script><script type=\"text\/javascript\"> new RDStationForms('2025-site-fale-conosco-contato-geral-pt-ba77d660bd2975d2118d', 'UA-147160975-1').createForm();<\/script>[\/et_pb_code][\/et_pb_column][\/et_pb_row][\/et_pb_section][et_pb_section fb_built=&#8221;1&#8243; _builder_version=&#8221;4.27.3&#8243; _module_preset=&#8221;default&#8221; global_colors_info=&#8221;{}&#8221;][et_pb_row _builder_version=&#8221;4.27.3&#8243; _module_preset=&#8221;default&#8221; global_colors_info=&#8221;{}&#8221;][et_pb_column type=&#8221;4_4&#8243; _builder_version=&#8221;4.27.3&#8243; _module_preset=&#8221;default&#8221; global_colors_info=&#8221;{}&#8221;][et_pb_text _builder_version=&#8221;4.27.4&#8243; _module_preset=&#8221;default&#8221; header_font=&#8221;Montserrat|600|||||||&#8221; header_text_color=&#8221;#000000&#8243; header_font_size=&#8221;29px&#8221; global_colors_info=&#8221;{}&#8221;]<\/p>\n<h1>Onde estamos<\/h1>\n<p>[\/et_pb_text][\/et_pb_column][\/et_pb_row][et_pb_row column_structure=&#8221;1_3,1_3,1_3&#8243; use_custom_gutter=&#8221;on&#8221; gutter_width=&#8221;2&#8243; _builder_version=&#8221;4.27.4&#8243; _module_preset=&#8221;default&#8221; custom_padding=&#8221;||10px|||&#8221; global_colors_info=&#8221;{}&#8221;][et_pb_column type=&#8221;1_3&#8243; _builder_version=&#8221;4.27.3&#8243; _module_preset=&#8221;default&#8221; global_colors_info=&#8221;{}&#8221;][et_pb_blurb title=&#8221;VYDENCE\u00ae Brasil&#8221; image=&#8221;https:\/\/www.vydence.com\/wp-content\/uploads\/2024\/11\/contatoSinopse1.webp&#8221; icon_alignment_tablet=&#8221;left&#8221; icon_alignment_phone=&#8221;left&#8221; icon_alignment_last_edited=&#8221;on|tablet&#8221; _builder_version=&#8221;4.27.4&#8243; _module_preset=&#8221;default&#8221; header_level=&#8221;h1&#8243; header_font=&#8221;Montserrat|700|||||||&#8221; header_text_color=&#8221;#000000&#8243; header_font_size=&#8221;21px&#8221; body_font=&#8221;Montserrat||||||||&#8221; body_text_color=&#8221;#555758&#8243; body_font_size=&#8221;15px&#8221; custom_margin=&#8221;||28px|||&#8221; global_colors_info=&#8221;{}&#8221;]<\/p>\n<p>Rua Aldo Germano Klein, 359. CEAT<br \/>S\u00e3o Carlos, SP, Brasil \u2013 CEP 13573-470<\/p>\n<p><span style=\"color: #139dd1; font-weight: 600;\">Contato:<\/span> +55 (016) 3306-5050<\/p>\n<p>[\/et_pb_blurb][et_pb_divider color=&#8221;#cccccc&#8221; _builder_version=&#8221;4.27.4&#8243; _module_preset=&#8221;default&#8221; custom_margin=&#8221;0px||0px||false|false&#8221; global_colors_info=&#8221;{}&#8221;][\/et_pb_divider][et_pb_text _builder_version=&#8221;4.27.4&#8243; _module_preset=&#8221;default&#8221; text_font=&#8221;Montserrat|500|||||||&#8221; text_text_color=&#8221;#000000&#8243; custom_margin=&#8221;||||false|false&#8221; custom_margin_tablet=&#8221;||50px||false|false&#8221; custom_margin_phone=&#8221;||35px||false|false&#8221; custom_margin_last_edited=&#8221;on|phone&#8221; global_colors_info=&#8221;{}&#8221;]<\/p>\n<p>Localizada em S\u00e3o Carlos, SP \u2013 uma das cidades com o maior potencial tecnol\u00f3gico do pa\u00eds, ladeada pela USP e UFSCar \u2013 a moderna estrutura da VYDENCE\u00ae Medical conta com um polo de fabrica\u00e7\u00e3o com mais de 2.500 m2 de \u00e1rea dedicada ao desenvolvimento e produ\u00e7\u00e3o de LASERs e tecnologia eletrom\u00e9dica.<\/p>\n<p>Al\u00e9m das instala\u00e7\u00f5es especialmente pensadas e dedicadas ao atendimento das normas de qualidade no alto padr\u00e3o internacional, como a ISO 13485, a VYDENCE\u00ae Medical tamb\u00e9m conta com uma estrutura enxuta, essencialmente direcionada aos laborat\u00f3rios de \u00f3ptica avan\u00e7ada, ao centro de usinagem e fabrica\u00e7\u00e3o mec\u00e2nica e ao fluxo de presta\u00e7\u00e3o de servi\u00e7os de assist\u00eancia t\u00e9cnica e suporte ao cliente.<\/p>\n<p>[\/et_pb_text][\/et_pb_column][et_pb_column type=&#8221;1_3&#8243; _builder_version=&#8221;4.27.3&#8243; _module_preset=&#8221;default&#8221; global_colors_info=&#8221;{}&#8221;][et_pb_blurb title=&#8221;Centro de treinamento &#8221; image=&#8221;https:\/\/www.vydence.com\/wp-content\/uploads\/2024\/11\/contatoSinopse2.webp&#8221; icon_alignment_tablet=&#8221;left&#8221; icon_alignment_phone=&#8221;left&#8221; icon_alignment_last_edited=&#8221;on|tablet&#8221; _builder_version=&#8221;4.27.4&#8243; _module_preset=&#8221;default&#8221; header_level=&#8221;h1&#8243; header_font=&#8221;Montserrat|700|||||||&#8221; header_text_color=&#8221;#000000&#8243; header_font_size=&#8221;22px&#8221; body_font=&#8221;Montserrat|500|||||||&#8221; body_text_color=&#8221;#555758&#8243; body_font_size=&#8221;15px&#8221; body_line_height=&#8221;1.8em&#8221; global_colors_info=&#8221;{}&#8221;]<\/p>\n<p>Av Fagundes Filho, 486, Sl 96. S Judas<br \/>CEP 04304-000. S\u00e3o Paulo, SP. Brasil<\/p>\n<p><span style=\"color: #139dd1; font-weight: 600;\">Contato:<\/span> +55 (011) 5585-7703<\/p>\n<p>[\/et_pb_blurb][et_pb_divider color=&#8221;#cccccc&#8221; _builder_version=&#8221;4.27.4&#8243; _module_preset=&#8221;default&#8221; custom_margin=&#8221;0px||0px||false|false&#8221; global_colors_info=&#8221;{}&#8221;][\/et_pb_divider][et_pb_text _builder_version=&#8221;4.27.4&#8243; _module_preset=&#8221;default&#8221; text_font=&#8221;Montserrat|500|||||||&#8221; text_text_color=&#8221;#000000&#8243; custom_margin=&#8221;||||false|false&#8221; custom_margin_tablet=&#8221;||50px||false|false&#8221; custom_margin_phone=&#8221;||35px||false|false&#8221; custom_margin_last_edited=&#8221;on|phone&#8221; global_colors_info=&#8221;{}&#8221;]<\/p>\n<p>O Centro de Treinamentos VYDENCE\u00ae Medical em S\u00e3o Paulo, SP conta com uma estrutura especialmente preparada para o foco no suporte ao cliente e educa\u00e7\u00e3o continuada, designado para atender a cursos, palestras e at\u00e9 mesmo aulas com pr\u00e1tica em pacientes, oferecendo ao m\u00e9dico um sistema \u00fanico de capacita\u00e7\u00e3o.<\/p>\n<p>A localiza\u00e7\u00e3o privilegiada oferece ampla facilidade de acesso e deslocamento de qualquer parte do Brasil e do mundo, provendo assim grande flexibilidade para que os clientes VYDENCE\u00ae Medical tenham mais esta qualidade a seu inteiro dispor.<\/p>\n<p>[\/et_pb_text][\/et_pb_column][et_pb_column type=&#8221;1_3&#8243; _builder_version=&#8221;4.27.3&#8243; _module_preset=&#8221;default&#8221; global_colors_info=&#8221;{}&#8221;][et_pb_blurb title=&#8221;Escrit\u00f3rio nos EUA&#8221; image=&#8221;https:\/\/www.vydence.com\/wp-content\/uploads\/2024\/11\/contatoSinopse3.webp&#8221; icon_alignment_tablet=&#8221;left&#8221; icon_alignment_phone=&#8221;left&#8221; icon_alignment_last_edited=&#8221;on|tablet&#8221; _builder_version=&#8221;4.27.4&#8243; _module_preset=&#8221;default&#8221; header_font=&#8221;Montserrat|700|||||||&#8221; header_text_color=&#8221;#000000&#8243; header_font_size=&#8221;23px&#8221; body_font=&#8221;Montserrat|500|||||||&#8221; body_text_color=&#8221;#555758&#8243; body_font_size=&#8221;15px&#8221; custom_margin=&#8221;||64px|||&#8221; custom_margin_tablet=&#8221;||64px|||&#8221; custom_margin_phone=&#8221;0px||19px||false|false&#8221; custom_margin_last_edited=&#8221;on|phone&#8221; global_colors_info=&#8221;{}&#8221;]<\/p>\n<p>8411 Laurel Fair Circle, Suite 100<br \/>Tampa, FL 33610 \u2013 USA<\/p>\n<p>[\/et_pb_blurb][et_pb_divider color=&#8221;#cccccc&#8221; _builder_version=&#8221;4.27.4&#8243; _module_preset=&#8221;default&#8221; custom_margin=&#8221;0px||0px||false|false&#8221; global_colors_info=&#8221;{}&#8221;][\/et_pb_divider][et_pb_text _builder_version=&#8221;4.27.4&#8243; _module_preset=&#8221;default&#8221; text_font=&#8221;Montserrat|500|||||||&#8221; text_text_color=&#8221;#000000&#8243; custom_margin=&#8221;||||false|false&#8221; global_colors_info=&#8221;{}&#8221;]<\/p>\n<p>A VYDENCE\u00ae conta com um escrit\u00f3rio nos Estados Unidos. A unidade de neg\u00f3cios da VYDENCE\u00ae oferece suporte \u00e0s opera\u00e7\u00f5es internacionais da empresa, facilitando acesso \u00e0s mais novas e modernas tecnologias, procurando por produtos inovadores capazes de agregar ao portf\u00f3lio da empresa.<\/p>\n<p>N\u00f3s reiteramos assim nosso comprometimento com o plano de expans\u00e3o global da marca, trazendo transforma\u00e7\u00f5es reais e capazes de mudar a dermatologia, cirurgia pl\u00e1stica, medicina est\u00e9tica e flebologia de uma forma nunca vista antes.<\/p>\n<p>[\/et_pb_text][\/et_pb_column][\/et_pb_row][\/et_pb_section]<\/p>\n","protected":false},"excerpt":{"rendered":"<p>ContatoNa VYDENCE\u00ae Medical, estamos prontos para ajudar voc\u00ea. Seja para d\u00favidas, informa\u00e7\u00f5es sobre nossos produtos ou qualquer outra necessidade, nosso time de especialistas est\u00e1 \u00e0 disposi\u00e7\u00e3o.P\u00f3s-vendasAtendimento de 2\u00aa a 6\u00aa feira, das 9h \u00e0s 17h. assistenciatecnica@vydence.com 16 3306.5050 \u2013 ramal 2\u00a0 |\u00a0 \u00a016 98136.6929Onde estamosRua Aldo Germano Klein, 359. CEATS\u00e3o Carlos, SP, Brasil \u2013 CEP [&hellip;]<\/p>\n","protected":false},"author":1,"featured_media":0,"parent":0,"menu_order":0,"comment_status":"closed","ping_status":"closed","template":"","meta":{"_et_pb_use_builder":"on","_et_pb_old_content":"","_et_gb_content_width":"","inline_featured_image":false,"footnotes":""},"class_list":["post-20956","page","type-page","status-publish","hentry"],"yoast_head":"<!-- This site is optimized with the Yoast SEO Premium plugin v27.1 (Yoast SEO v27.1.1) - https:\/\/yoast.com\/product\/yoast-seo-premium-wordpress\/ -->\n<title>Contato - VYDENCE<\/title>\n<meta name=\"robots\" content=\"index, follow, max-snippet:-1, max-image-preview:large, max-video-preview:-1\" \/>\n<link rel=\"canonical\" href=\"https:\/\/www.vydence.com\/pt-br\/contato-2\/\" \/>\n<meta property=\"og:locale\" content=\"pt_BR\" \/>\n<meta property=\"og:type\" content=\"article\" \/>\n<meta property=\"og:title\" content=\"Contato\" \/>\n<meta property=\"og:description\" content=\"ContatoNa VYDENCE\u00ae Medical, estamos prontos para ajudar voc\u00ea. Seja para d\u00favidas, informa\u00e7\u00f5es sobre nossos produtos ou qualquer outra necessidade, nosso time de especialistas est\u00e1 \u00e0 disposi\u00e7\u00e3o.P\u00f3s-vendasAtendimento de 2\u00aa a 6\u00aa feira, das 9h \u00e0s 17h. assistenciatecnica@vydence.com 16 3306.5050 \u2013 ramal 2\u00a0 |\u00a0 \u00a016 98136.6929Onde estamosRua Aldo Germano Klein, 359. CEATS\u00e3o Carlos, SP, Brasil \u2013 CEP [&hellip;]\" \/>\n<meta property=\"og:url\" content=\"https:\/\/www.vydence.com\/pt-br\/contato-2\/\" \/>\n<meta property=\"og:site_name\" content=\"VYDENCE\" \/>\n<meta property=\"article:publisher\" content=\"https:\/\/www.facebook.com\/VYDENCE\" \/>\n<meta name=\"twitter:card\" content=\"summary_large_image\" \/>\n<meta name=\"twitter:label1\" content=\"Est. tempo de leitura\" \/>\n\t<meta name=\"twitter:data1\" content=\"6 minutos\" \/>\n<script type=\"application\/ld+json\" class=\"yoast-schema-graph\">{\"@context\":\"https:\/\/schema.org\",\"@graph\":[{\"@type\":\"WebPage\",\"@id\":\"https:\/\/www.vydence.com\/pt-br\/contato-2\/\",\"url\":\"https:\/\/www.vydence.com\/pt-br\/contato-2\/\",\"name\":\"Contato - VYDENCE\",\"isPartOf\":{\"@id\":\"https:\/\/www.vydence.com\/pt-br\/#website\"},\"datePublished\":\"2025-05-28T15:10:33+00:00\",\"breadcrumb\":{\"@id\":\"https:\/\/www.vydence.com\/pt-br\/contato-2\/#breadcrumb\"},\"inLanguage\":\"pt-BR\",\"potentialAction\":[{\"@type\":\"ReadAction\",\"target\":[\"https:\/\/www.vydence.com\/pt-br\/contato-2\/\"]}]},{\"@type\":\"BreadcrumbList\",\"@id\":\"https:\/\/www.vydence.com\/pt-br\/contato-2\/#breadcrumb\",\"itemListElement\":[{\"@type\":\"ListItem\",\"position\":1,\"name\":\"In\u00edcio\",\"item\":\"https:\/\/www.vydence.com\/pt-br\/\"},{\"@type\":\"ListItem\",\"position\":2,\"name\":\"Contato\"}]},{\"@type\":\"WebSite\",\"@id\":\"https:\/\/www.vydence.com\/pt-br\/#website\",\"url\":\"https:\/\/www.vydence.com\/pt-br\/\",\"name\":\"VYDENCE\",\"description\":\"\",\"publisher\":{\"@id\":\"https:\/\/www.vydence.com\/pt-br\/#organization\"},\"potentialAction\":[{\"@type\":\"SearchAction\",\"target\":{\"@type\":\"EntryPoint\",\"urlTemplate\":\"https:\/\/www.vydence.com\/pt-br\/?s={search_term_string}\"},\"query-input\":{\"@type\":\"PropertyValueSpecification\",\"valueRequired\":true,\"valueName\":\"search_term_string\"}}],\"inLanguage\":\"pt-BR\"},{\"@type\":\"Organization\",\"@id\":\"https:\/\/www.vydence.com\/pt-br\/#organization\",\"name\":\"VYDENCE\",\"url\":\"https:\/\/www.vydence.com\/pt-br\/\",\"logo\":{\"@type\":\"ImageObject\",\"inLanguage\":\"pt-BR\",\"@id\":\"https:\/\/www.vydence.com\/pt-br\/#\/schema\/logo\/image\/\",\"url\":\"https:\/\/www.vydence.com\/wp-content\/uploads\/2024\/11\/Logo.svg\",\"contentUrl\":\"https:\/\/www.vydence.com\/wp-content\/uploads\/2024\/11\/Logo.svg\",\"width\":149,\"height\":40,\"caption\":\"VYDENCE\"},\"image\":{\"@id\":\"https:\/\/www.vydence.com\/pt-br\/#\/schema\/logo\/image\/\"},\"sameAs\":[\"https:\/\/www.facebook.com\/VYDENCE\"]}]}<\/script>\n<!-- \/ Yoast SEO Premium plugin. -->","yoast_head_json":{"title":"Contato - VYDENCE","robots":{"index":"index","follow":"follow","max-snippet":"max-snippet:-1","max-image-preview":"max-image-preview:large","max-video-preview":"max-video-preview:-1"},"canonical":"https:\/\/www.vydence.com\/pt-br\/contato-2\/","og_locale":"pt_BR","og_type":"article","og_title":"Contato","og_description":"ContatoNa VYDENCE\u00ae Medical, estamos prontos para ajudar voc\u00ea. Seja para d\u00favidas, informa\u00e7\u00f5es sobre nossos produtos ou qualquer outra necessidade, nosso time de especialistas est\u00e1 \u00e0 disposi\u00e7\u00e3o.P\u00f3s-vendasAtendimento de 2\u00aa a 6\u00aa feira, das 9h \u00e0s 17h. assistenciatecnica@vydence.com 16 3306.5050 \u2013 ramal 2\u00a0 |\u00a0 \u00a016 98136.6929Onde estamosRua Aldo Germano Klein, 359. CEATS\u00e3o Carlos, SP, Brasil \u2013 CEP [&hellip;]","og_url":"https:\/\/www.vydence.com\/pt-br\/contato-2\/","og_site_name":"VYDENCE","article_publisher":"https:\/\/www.facebook.com\/VYDENCE","twitter_card":"summary_large_image","twitter_misc":{"Est. tempo de leitura":"6 minutos"},"schema":{"@context":"https:\/\/schema.org","@graph":[{"@type":"WebPage","@id":"https:\/\/www.vydence.com\/pt-br\/contato-2\/","url":"https:\/\/www.vydence.com\/pt-br\/contato-2\/","name":"Contato - VYDENCE","isPartOf":{"@id":"https:\/\/www.vydence.com\/pt-br\/#website"},"datePublished":"2025-05-28T15:10:33+00:00","breadcrumb":{"@id":"https:\/\/www.vydence.com\/pt-br\/contato-2\/#breadcrumb"},"inLanguage":"pt-BR","potentialAction":[{"@type":"ReadAction","target":["https:\/\/www.vydence.com\/pt-br\/contato-2\/"]}]},{"@type":"BreadcrumbList","@id":"https:\/\/www.vydence.com\/pt-br\/contato-2\/#breadcrumb","itemListElement":[{"@type":"ListItem","position":1,"name":"In\u00edcio","item":"https:\/\/www.vydence.com\/pt-br\/"},{"@type":"ListItem","position":2,"name":"Contato"}]},{"@type":"WebSite","@id":"https:\/\/www.vydence.com\/pt-br\/#website","url":"https:\/\/www.vydence.com\/pt-br\/","name":"VYDENCE","description":"","publisher":{"@id":"https:\/\/www.vydence.com\/pt-br\/#organization"},"potentialAction":[{"@type":"SearchAction","target":{"@type":"EntryPoint","urlTemplate":"https:\/\/www.vydence.com\/pt-br\/?s={search_term_string}"},"query-input":{"@type":"PropertyValueSpecification","valueRequired":true,"valueName":"search_term_string"}}],"inLanguage":"pt-BR"},{"@type":"Organization","@id":"https:\/\/www.vydence.com\/pt-br\/#organization","name":"VYDENCE","url":"https:\/\/www.vydence.com\/pt-br\/","logo":{"@type":"ImageObject","inLanguage":"pt-BR","@id":"https:\/\/www.vydence.com\/pt-br\/#\/schema\/logo\/image\/","url":"https:\/\/www.vydence.com\/wp-content\/uploads\/2024\/11\/Logo.svg","contentUrl":"https:\/\/www.vydence.com\/wp-content\/uploads\/2024\/11\/Logo.svg","width":149,"height":40,"caption":"VYDENCE"},"image":{"@id":"https:\/\/www.vydence.com\/pt-br\/#\/schema\/logo\/image\/"},"sameAs":["https:\/\/www.facebook.com\/VYDENCE"]}]}},"_links":{"self":[{"href":"https:\/\/www.vydence.com\/pt-br\/wp-json\/wp\/v2\/pages\/20956","targetHints":{"allow":["GET"]}}],"collection":[{"href":"https:\/\/www.vydence.com\/pt-br\/wp-json\/wp\/v2\/pages"}],"about":[{"href":"https:\/\/www.vydence.com\/pt-br\/wp-json\/wp\/v2\/types\/page"}],"author":[{"embeddable":true,"href":"https:\/\/www.vydence.com\/pt-br\/wp-json\/wp\/v2\/users\/1"}],"replies":[{"embeddable":true,"href":"https:\/\/www.vydence.com\/pt-br\/wp-json\/wp\/v2\/comments?post=20956"}],"version-history":[{"count":1,"href":"https:\/\/www.vydence.com\/pt-br\/wp-json\/wp\/v2\/pages\/20956\/revisions"}],"predecessor-version":[{"id":20962,"href":"https:\/\/www.vydence.com\/pt-br\/wp-json\/wp\/v2\/pages\/20956\/revisions\/20962"}],"wp:attachment":[{"href":"https:\/\/www.vydence.com\/pt-br\/wp-json\/wp\/v2\/media?parent=20956"}],"curies":[{"name":"wp","href":"https:\/\/api.w.org\/{rel}","templated":true}]}}