{"id":1754,"date":"2025-01-10T23:14:19","date_gmt":"2025-01-11T02:14:19","guid":{"rendered":"https:\/\/www.vydence.com\/?page_id=1754"},"modified":"2025-01-28T00:59:07","modified_gmt":"2025-01-28T03:59:07","slug":"blog","status":"publish","type":"page","link":"https:\/\/www.vydence.com\/pt-br\/blog\/","title":{"rendered":"Blog"},"content":{"rendered":"<p>[et_pb_section fb_built=&#8221;1&#8243; _builder_version=&#8221;4.27.4&#8243; _module_preset=&#8221;default&#8221; use_background_color_gradient=&#8221;on&#8221; background_color_gradient_stops=&#8221;#1fa2d3 0%|#ffffff 100%&#8221; global_colors_info=&#8221;{}&#8221;][et_pb_row _builder_version=&#8221;4.27.4&#8243; _module_preset=&#8221;default&#8221; custom_margin=&#8221;95px||||false|false&#8221; global_colors_info=&#8221;{}&#8221;][et_pb_column type=&#8221;4_4&#8243; _builder_version=&#8221;4.27.4&#8243; _module_preset=&#8221;default&#8221; global_colors_info=&#8221;{}&#8221;][et_pb_text _builder_version=&#8221;4.27.4&#8243; _module_preset=&#8221;default&#8221; header_font=&#8221;|700|||||||&#8221; header_text_align=&#8221;center&#8221; header_text_color=&#8221;#FFFFFF&#8221; custom_margin=&#8221;17px||||false|false&#8221; global_colors_info=&#8221;{}&#8221;]<\/p>\n<h1>Blog da VYDENCE\u00ae<\/h1>\n<p>[\/et_pb_text][et_pb_menu menu_id=&#8221;228&#8243; active_link_color=&#8221;#FFFFFF&#8221; _builder_version=&#8221;4.27.4&#8243; _module_preset=&#8221;default&#8221; menu_font=&#8221;Outfit|600|||||||&#8221; menu_text_color=&#8221;#FFFFFF&#8221; menu_font_size=&#8221;18px&#8221; background_color=&#8221;RGBA(255,255,255,0)&#8221; text_orientation=&#8221;center&#8221; global_colors_info=&#8221;{}&#8221;][\/et_pb_menu][\/et_pb_column][\/et_pb_row][et_pb_row column_structure=&#8221;1_2,1_2&#8243; _builder_version=&#8221;4.27.4&#8243; _module_preset=&#8221;default&#8221; background_color=&#8221;#FFFFFF&#8221; custom_margin=&#8221;|||||false&#8221; custom_padding=&#8221;38px|30px|38px|30px|true|true&#8221; hover_enabled=&#8221;0&#8243; border_radii=&#8221;on|22px|22px|22px|22px&#8221; global_colors_info=&#8221;{}&#8221; box_shadow_style=&#8221;preset1&#8243; box_shadow_spread=&#8221;-8px&#8221; sticky_enabled=&#8221;0&#8243;][et_pb_column type=&#8221;1_2&#8243; _builder_version=&#8221;4.27.4&#8243; _module_preset=&#8221;default&#8221; global_colors_info=&#8221;{}&#8221;][et_pb_text _builder_version=&#8221;4.27.4&#8243; _module_preset=&#8221;default&#8221; header_3_font=&#8221;|600|||||||&#8221; custom_margin=&#8221;18px||19px|||&#8221; hover_enabled=&#8221;0&#8243; global_colors_info=&#8221;{}&#8221; link_option_url=&#8221;https:\/\/www.vydence.com\/alopecia-saiba-como-tratar\/&#8221; sticky_enabled=&#8221;0&#8243;]<\/p>\n<h3>Alopecia: saiba como tratar a perda anormal de cabelos<\/h3>\n<p>[\/et_pb_text][et_pb_text _builder_version=&#8221;4.27.4&#8243; _module_preset=&#8221;default&#8221; hover_enabled=&#8221;0&#8243; global_colors_info=&#8221;{}&#8221; text_font=&#8221;||on||||||&#8221; text_font_size=&#8221;15px&#8221; sticky_enabled=&#8221;0&#8243;]<\/p>\n<p>22 jul<\/p>\n<p>[\/et_pb_text][et_pb_text _builder_version=&#8221;4.27.4&#8243; _module_preset=&#8221;default&#8221; text_font=&#8221;|300|||||||&#8221; text_text_color=&#8221;#000000&#8243; text_font_size=&#8221;16px&#8221; text_line_height=&#8221;1.4em&#8221; hover_enabled=&#8221;0&#8243; global_colors_info=&#8221;{}&#8221; sticky_enabled=&#8221;0&#8243;]A edi\u00e7\u00e3o 2022 do Oscar ser\u00e1 lembrada como a volta da cerim\u00f4nia 100% presencial, ap\u00f3s o necess\u00e1rio distanciamento provocado pela COVID-19. Mas, n\u00e3o apenas por isso. Neste ano, tamb\u00e9m ganhou destaque a pol\u00eamica entre os atores Will Smith e Chris Rock.<\/p>\n<p>Na ocasi\u00e3o, o comediante fez piada com Jada Pinkett Smith, referindo-se \u00e0s consequ\u00eancias da alopecia que afeta a atriz. Ela optou por participar do evento com a cabe\u00e7a raspada. Revoltado com o coment\u00e1rio sobre sua esposa, Will Smith desferiu um tapa no rosto de Chris Rock.[\/et_pb_text][et_pb_button button_text=&#8221;Leia mais &#8221; _builder_version=&#8221;4.27.4&#8243; _module_preset=&#8221;default&#8221; custom_button=&#8221;on&#8221; button_text_color=&#8221;#000000&#8243; button_border_width=&#8221;1px&#8221; button_border_color=&#8221;#000000&#8243; button_on_hover=&#8221;off&#8221; hover_enabled=&#8221;0&#8243; global_colors_info=&#8221;{}&#8221; button_url=&#8221;https:\/\/www.vydence.com\/alopecia-saiba-como-tratar\/&#8221; sticky_enabled=&#8221;0&#8243;][\/et_pb_button][\/et_pb_column][et_pb_column type=&#8221;1_2&#8243; _builder_version=&#8221;4.27.4&#8243; _module_preset=&#8221;default&#8221; global_colors_info=&#8221;{}&#8221;][et_pb_image src=&#8221;https:\/\/www.vydence.com\/wp-content\/uploads\/2025\/01\/shutterstock_2511064291.webp&#8221; title_text=&#8221;shutterstock_2511064291&#8243; _builder_version=&#8221;4.27.4&#8243; _module_preset=&#8221;default&#8221; hover_enabled=&#8221;0&#8243; global_colors_info=&#8221;{}&#8221; url=&#8221;https:\/\/www.vydence.com\/alopecia-saiba-como-tratar\/&#8221; sticky_enabled=&#8221;0&#8243;][\/et_pb_image][\/et_pb_column][\/et_pb_row][et_pb_row _builder_version=&#8221;4.27.4&#8243; _module_preset=&#8221;default&#8221; global_colors_info=&#8221;{}&#8221;][et_pb_column type=&#8221;4_4&#8243; _builder_version=&#8221;4.27.4&#8243; _module_preset=&#8221;default&#8221; global_colors_info=&#8221;{}&#8221;][dipl_blog_slider slider_layout=&#8221;layout4&#8243; posts_number=&#8221;12&#8243; offset_number=&#8221;1&#8243; include_categories=&#8221;84&#8243; ignore_sticky_posts=&#8221;on&#8221; show_author=&#8221;off&#8221; show_comments=&#8221;off&#8221; read_more_text=&#8221;Leia mais&#8221; post_per_slide_tablet=&#8221;2&#8243; post_per_slide_phone=&#8221;1&#8243; _builder_version=&#8221;4.27.4&#8243; _module_preset=&#8221;default&#8221; title_font=&#8221;|600|||||||&#8221; title_font_size=&#8221;17px&#8221; body_line_height=&#8221;1.5em&#8221; background_color=&#8221;RGBA(255,255,255,0)&#8221; custom_read_more=&#8221;on&#8221; read_more_text_size=&#8221;15px&#8221; read_more_text_color=&#8221;#000000&#8243; read_more_border_width=&#8221;1px&#8221; hover_enabled=&#8221;0&#8243; border_radii_image=&#8221;off|12px|13px||&#8221; global_colors_info=&#8221;{}&#8221; read_more_bg_color__hover_enabled=&#8221;on|hover&#8221; read_more_bg_color__hover=&#8221;#f7f7f7&#8243; read_more_bg_enable_color__hover=&#8221;on&#8221; border_radii_single_post=&#8221;on|13px|13px|13px|13px&#8221; sticky_enabled=&#8221;0&#8243; space_between_slides=&#8221;23px&#8221; autoplay_speed=&#8221;4000&#8243;][\/dipl_blog_slider][\/et_pb_column][\/et_pb_row][et_pb_row column_structure=&#8221;1_2,1_2&#8243; _builder_version=&#8221;4.27.4&#8243; _module_preset=&#8221;default&#8221; background_color=&#8221;#005786&#8243; custom_padding=&#8221;|28px|32px|28px|false|true&#8221; border_radii=&#8221;on|22px|22px|22px|22px&#8221; global_colors_info=&#8221;{}&#8221;][et_pb_column type=&#8221;1_2&#8243; _builder_version=&#8221;4.27.4&#8243; _module_preset=&#8221;default&#8221; global_colors_info=&#8221;{}&#8221;][et_pb_text _builder_version=&#8221;4.27.4&#8243; _module_preset=&#8221;default&#8221; text_text_color=&#8221;#FFFFFF&#8221; text_font_size=&#8221;27px&#8221; custom_margin=&#8221;43px||||false|false&#8221; custom_padding=&#8221;||6px||false|false&#8221; global_colors_info=&#8221;{}&#8221;]<\/p>\n<p>Assine nossa Newsletter<\/p>\n<p>[\/et_pb_text][et_pb_text _builder_version=&#8221;4.27.4&#8243; _module_preset=&#8221;default&#8221; text_text_color=&#8221;#FFFFFF&#8221; text_font_size=&#8221;17px&#8221; global_colors_info=&#8221;{}&#8221;]Nossos e-mails est\u00e3o cheios de dicas dos nossos especialistas, al\u00e9m de promo\u00e7\u00f5es, novidades, eventos exclusivos e muito mais.[\/et_pb_text][\/et_pb_column][et_pb_column type=&#8221;1_2&#8243; _builder_version=&#8221;4.27.4&#8243; _module_preset=&#8221;default&#8221; global_colors_info=&#8221;{}&#8221;][et_pb_code _builder_version=&#8221;4.27.4&#8243; _module_preset=&#8221;default&#8221; global_colors_info=&#8221;{}&#8221;]<\/p>\n<div role=\"main\" id=\"assine-nossa-newsletter-site-2025-ptbr-e6056c06f63720d839e1\"><\/div>\n<p><script type=\"text\/javascript\" src=\"https:\/\/d335luupugsy2.cloudfront.net\/js\/rdstation-forms\/stable\/rdstation-forms.min.js\"><\/script><script type=\"text\/javascript\"> new RDStationForms('assine-nossa-newsletter-site-2025-ptbr-e6056c06f63720d839e1', 'UA-147160975-1').createForm();<\/script>[\/et_pb_code][\/et_pb_column][\/et_pb_row][\/et_pb_section]<\/p>\n","protected":false},"excerpt":{"rendered":"<p>Blog da VYDENCE\u00aeAlopecia: saiba como tratar a perda anormal de cabelos22 julA edi\u00e7\u00e3o 2022 do Oscar ser\u00e1 lembrada como a volta da cerim\u00f4nia 100% presencial, ap\u00f3s o necess\u00e1rio distanciamento provocado pela COVID-19. Mas, n\u00e3o apenas por isso. Neste ano, tamb\u00e9m ganhou destaque a pol\u00eamica entre os atores Will Smith e Chris Rock. Na ocasi\u00e3o, o [&hellip;]<\/p>\n","protected":false},"author":1,"featured_media":0,"parent":0,"menu_order":0,"comment_status":"closed","ping_status":"closed","template":"","meta":{"_et_pb_use_builder":"on","_et_pb_old_content":"","_et_gb_content_width":"","inline_featured_image":false,"footnotes":""},"class_list":["post-1754","page","type-page","status-publish","hentry"],"yoast_head":"<!-- This site is optimized with the Yoast SEO Premium plugin v27.1 (Yoast SEO v27.1.1) - https:\/\/yoast.com\/product\/yoast-seo-premium-wordpress\/ -->\n<title>Blog - VYDENCE<\/title>\n<meta name=\"robots\" content=\"index, follow, max-snippet:-1, max-image-preview:large, max-video-preview:-1\" \/>\n<link rel=\"canonical\" href=\"https:\/\/www.vydence.com\/pt-br\/blog\/\" \/>\n<meta property=\"og:locale\" content=\"pt_BR\" \/>\n<meta property=\"og:type\" content=\"article\" \/>\n<meta property=\"og:title\" content=\"Blog\" \/>\n<meta property=\"og:description\" content=\"Blog da VYDENCE\u00aeAlopecia: saiba como tratar a perda anormal de cabelos22 julA edi\u00e7\u00e3o 2022 do Oscar ser\u00e1 lembrada como a volta da cerim\u00f4nia 100% presencial, ap\u00f3s o necess\u00e1rio distanciamento provocado pela COVID-19. Mas, n\u00e3o apenas por isso. Neste ano, tamb\u00e9m ganhou destaque a pol\u00eamica entre os atores Will Smith e Chris Rock. Na ocasi\u00e3o, o [&hellip;]\" \/>\n<meta property=\"og:url\" content=\"https:\/\/www.vydence.com\/pt-br\/blog\/\" \/>\n<meta property=\"og:site_name\" content=\"VYDENCE\" \/>\n<meta property=\"article:publisher\" content=\"https:\/\/www.facebook.com\/VYDENCE\" \/>\n<meta property=\"article:modified_time\" content=\"2025-01-28T03:59:07+00:00\" \/>\n<meta name=\"twitter:card\" content=\"summary_large_image\" \/>\n<meta name=\"twitter:label1\" content=\"Est. tempo de leitura\" \/>\n\t<meta name=\"twitter:data1\" content=\"4 minutos\" \/>\n<script type=\"application\/ld+json\" class=\"yoast-schema-graph\">{\"@context\":\"https:\/\/schema.org\",\"@graph\":[{\"@type\":\"WebPage\",\"@id\":\"https:\/\/www.vydence.com\/pt-br\/blog\/\",\"url\":\"https:\/\/www.vydence.com\/pt-br\/blog\/\",\"name\":\"Blog - VYDENCE\",\"isPartOf\":{\"@id\":\"https:\/\/www.vydence.com\/pt-br\/#website\"},\"datePublished\":\"2025-01-11T02:14:19+00:00\",\"dateModified\":\"2025-01-28T03:59:07+00:00\",\"breadcrumb\":{\"@id\":\"https:\/\/www.vydence.com\/pt-br\/blog\/#breadcrumb\"},\"inLanguage\":\"pt-BR\",\"potentialAction\":[{\"@type\":\"ReadAction\",\"target\":[\"https:\/\/www.vydence.com\/pt-br\/blog\/\"]}]},{\"@type\":\"BreadcrumbList\",\"@id\":\"https:\/\/www.vydence.com\/pt-br\/blog\/#breadcrumb\",\"itemListElement\":[{\"@type\":\"ListItem\",\"position\":1,\"name\":\"In\u00edcio\",\"item\":\"https:\/\/www.vydence.com\/pt-br\/\"},{\"@type\":\"ListItem\",\"position\":2,\"name\":\"Blog\"}]},{\"@type\":\"WebSite\",\"@id\":\"https:\/\/www.vydence.com\/pt-br\/#website\",\"url\":\"https:\/\/www.vydence.com\/pt-br\/\",\"name\":\"VYDENCE\",\"description\":\"\",\"publisher\":{\"@id\":\"https:\/\/www.vydence.com\/pt-br\/#organization\"},\"potentialAction\":[{\"@type\":\"SearchAction\",\"target\":{\"@type\":\"EntryPoint\",\"urlTemplate\":\"https:\/\/www.vydence.com\/pt-br\/?s={search_term_string}\"},\"query-input\":{\"@type\":\"PropertyValueSpecification\",\"valueRequired\":true,\"valueName\":\"search_term_string\"}}],\"inLanguage\":\"pt-BR\"},{\"@type\":\"Organization\",\"@id\":\"https:\/\/www.vydence.com\/pt-br\/#organization\",\"name\":\"VYDENCE\",\"url\":\"https:\/\/www.vydence.com\/pt-br\/\",\"logo\":{\"@type\":\"ImageObject\",\"inLanguage\":\"pt-BR\",\"@id\":\"https:\/\/www.vydence.com\/pt-br\/#\/schema\/logo\/image\/\",\"url\":\"https:\/\/www.vydence.com\/wp-content\/uploads\/2024\/11\/Logo.svg\",\"contentUrl\":\"https:\/\/www.vydence.com\/wp-content\/uploads\/2024\/11\/Logo.svg\",\"width\":149,\"height\":40,\"caption\":\"VYDENCE\"},\"image\":{\"@id\":\"https:\/\/www.vydence.com\/pt-br\/#\/schema\/logo\/image\/\"},\"sameAs\":[\"https:\/\/www.facebook.com\/VYDENCE\"]}]}<\/script>\n<!-- \/ Yoast SEO Premium plugin. -->","yoast_head_json":{"title":"Blog - VYDENCE","robots":{"index":"index","follow":"follow","max-snippet":"max-snippet:-1","max-image-preview":"max-image-preview:large","max-video-preview":"max-video-preview:-1"},"canonical":"https:\/\/www.vydence.com\/pt-br\/blog\/","og_locale":"pt_BR","og_type":"article","og_title":"Blog","og_description":"Blog da VYDENCE\u00aeAlopecia: saiba como tratar a perda anormal de cabelos22 julA edi\u00e7\u00e3o 2022 do Oscar ser\u00e1 lembrada como a volta da cerim\u00f4nia 100% presencial, ap\u00f3s o necess\u00e1rio distanciamento provocado pela COVID-19. Mas, n\u00e3o apenas por isso. Neste ano, tamb\u00e9m ganhou destaque a pol\u00eamica entre os atores Will Smith e Chris Rock. Na ocasi\u00e3o, o [&hellip;]","og_url":"https:\/\/www.vydence.com\/pt-br\/blog\/","og_site_name":"VYDENCE","article_publisher":"https:\/\/www.facebook.com\/VYDENCE","article_modified_time":"2025-01-28T03:59:07+00:00","twitter_card":"summary_large_image","twitter_misc":{"Est. tempo de leitura":"4 minutos"},"schema":{"@context":"https:\/\/schema.org","@graph":[{"@type":"WebPage","@id":"https:\/\/www.vydence.com\/pt-br\/blog\/","url":"https:\/\/www.vydence.com\/pt-br\/blog\/","name":"Blog - VYDENCE","isPartOf":{"@id":"https:\/\/www.vydence.com\/pt-br\/#website"},"datePublished":"2025-01-11T02:14:19+00:00","dateModified":"2025-01-28T03:59:07+00:00","breadcrumb":{"@id":"https:\/\/www.vydence.com\/pt-br\/blog\/#breadcrumb"},"inLanguage":"pt-BR","potentialAction":[{"@type":"ReadAction","target":["https:\/\/www.vydence.com\/pt-br\/blog\/"]}]},{"@type":"BreadcrumbList","@id":"https:\/\/www.vydence.com\/pt-br\/blog\/#breadcrumb","itemListElement":[{"@type":"ListItem","position":1,"name":"In\u00edcio","item":"https:\/\/www.vydence.com\/pt-br\/"},{"@type":"ListItem","position":2,"name":"Blog"}]},{"@type":"WebSite","@id":"https:\/\/www.vydence.com\/pt-br\/#website","url":"https:\/\/www.vydence.com\/pt-br\/","name":"VYDENCE","description":"","publisher":{"@id":"https:\/\/www.vydence.com\/pt-br\/#organization"},"potentialAction":[{"@type":"SearchAction","target":{"@type":"EntryPoint","urlTemplate":"https:\/\/www.vydence.com\/pt-br\/?s={search_term_string}"},"query-input":{"@type":"PropertyValueSpecification","valueRequired":true,"valueName":"search_term_string"}}],"inLanguage":"pt-BR"},{"@type":"Organization","@id":"https:\/\/www.vydence.com\/pt-br\/#organization","name":"VYDENCE","url":"https:\/\/www.vydence.com\/pt-br\/","logo":{"@type":"ImageObject","inLanguage":"pt-BR","@id":"https:\/\/www.vydence.com\/pt-br\/#\/schema\/logo\/image\/","url":"https:\/\/www.vydence.com\/wp-content\/uploads\/2024\/11\/Logo.svg","contentUrl":"https:\/\/www.vydence.com\/wp-content\/uploads\/2024\/11\/Logo.svg","width":149,"height":40,"caption":"VYDENCE"},"image":{"@id":"https:\/\/www.vydence.com\/pt-br\/#\/schema\/logo\/image\/"},"sameAs":["https:\/\/www.facebook.com\/VYDENCE"]}]}},"_links":{"self":[{"href":"https:\/\/www.vydence.com\/pt-br\/wp-json\/wp\/v2\/pages\/1754","targetHints":{"allow":["GET"]}}],"collection":[{"href":"https:\/\/www.vydence.com\/pt-br\/wp-json\/wp\/v2\/pages"}],"about":[{"href":"https:\/\/www.vydence.com\/pt-br\/wp-json\/wp\/v2\/types\/page"}],"author":[{"embeddable":true,"href":"https:\/\/www.vydence.com\/pt-br\/wp-json\/wp\/v2\/users\/1"}],"replies":[{"embeddable":true,"href":"https:\/\/www.vydence.com\/pt-br\/wp-json\/wp\/v2\/comments?post=1754"}],"version-history":[{"count":15,"href":"https:\/\/www.vydence.com\/pt-br\/wp-json\/wp\/v2\/pages\/1754\/revisions"}],"predecessor-version":[{"id":19641,"href":"https:\/\/www.vydence.com\/pt-br\/wp-json\/wp\/v2\/pages\/1754\/revisions\/19641"}],"wp:attachment":[{"href":"https:\/\/www.vydence.com\/pt-br\/wp-json\/wp\/v2\/media?parent=1754"}],"curies":[{"name":"wp","href":"https:\/\/api.w.org\/{rel}","templated":true}]}}