{"id":1706,"date":"2025-01-10T01:19:13","date_gmt":"2025-01-10T04:19:13","guid":{"rendered":"https:\/\/www.vydence.com\/?page_id=1706"},"modified":"2025-01-10T01:19:13","modified_gmt":"2025-01-10T04:19:13","slug":"politica-de-cookies","status":"publish","type":"page","link":"https:\/\/www.vydence.com\/pt-br\/politica-de-cookies\/","title":{"rendered":"Pol\u00edtica de cookies"},"content":{"rendered":"<p>[et_pb_section fb_built=&#8221;1&#8243; _builder_version=&#8221;4.16&#8243; global_colors_info=&#8221;{}&#8221;][et_pb_row _builder_version=&#8221;4.16&#8243; background_size=&#8221;initial&#8221; background_position=&#8221;top_left&#8221; background_repeat=&#8221;repeat&#8221; global_colors_info=&#8221;{}&#8221;][et_pb_column type=&#8221;4_4&#8243; _builder_version=&#8221;4.16&#8243; custom_padding=&#8221;|||&#8221; global_colors_info=&#8221;{}&#8221; custom_padding__hover=&#8221;|||&#8221;][et_pb_text _builder_version=&#8221;4.16&#8243; background_size=&#8221;initial&#8221; background_position=&#8221;top_left&#8221; background_repeat=&#8221;repeat&#8221; global_colors_info=&#8221;{}&#8221;][\/et_pb_text][\/et_pb_column][\/et_pb_row][et_pb_row _builder_version=&#8221;4.27.4&#8243; _module_preset=&#8221;default&#8221; global_colors_info=&#8221;{}&#8221;][et_pb_column type=&#8221;4_4&#8243; _builder_version=&#8221;4.27.4&#8243; _module_preset=&#8221;default&#8221; global_colors_info=&#8221;{}&#8221;][et_pb_text _builder_version=&#8221;4.27.4&#8243; _module_preset=&#8221;default&#8221; custom_margin=&#8221;41px||||false|false&#8221; hover_enabled=&#8221;0&#8243; global_colors_info=&#8221;{}&#8221; sticky_enabled=&#8221;0&#8243;]<\/p>\n<h2><strong>Pol\u00edtica de Cookies VYDENCE\u00ae Medical<\/strong><br \/>\n<span><\/span><\/h2>\n<p><span><\/span><\/p>\n<p><span>Utilizamos cookies para melhorar o desempenho e a sua experi\u00eancia no nosso site.<\/span><\/p>\n<p><b>Cookie, o que \u00e9?<\/b><\/p>\n<p><span>O termo cookies se refere a pequenos arquivos de texto que uma website ou qualquer p\u00e1gina online coloca no computador do usu\u00e1rio ou no seu dispositivo m\u00f3vel atrav\u00e9s do navegador de internet (browser) no momento do acesso. Os cookies ajudam nosso site a reconhecer o seu dispositivo na pr\u00f3xima visita.<\/span><\/p>\n<p><span>Nossos cookies n\u00e3o recolhem informa\u00e7\u00f5es que identificam o usu\u00e1rio caso seja seu primeiro acesso, por\u00e9m, se a sua navega\u00e7\u00e3o tenha iniciado a partir de alguma comunica\u00e7\u00e3o enviada por n\u00f3s, como email por exemplo, ou se j\u00e1 for nosso cliente, os cookies podem monitorar a sua visita nas nossas p\u00e1ginas online.<\/span><\/p>\n<p><span>Nossos cookies recolhem informa\u00e7\u00f5es gen\u00e9ricas, eles coletam basicamente a forma como o usu\u00e1rio chega e utiliza nosso site ou outras p\u00e1ginas online. Al\u00e9m disso, ele coleta a informa\u00e7\u00e3o de regi\u00e3o do pa\u00eds ou dos pa\u00edses de origem de acesso do usu\u00e1rio.<\/span><\/p>\n<p><span>Al\u00e9m disso, os cookies coletam informa\u00e7\u00f5es relacionadas \u00e0s suas prefer\u00eancias.<\/span><\/p>\n<p><span>Atrav\u00e9s do seu navegador de internet (browser), voc\u00ea pode decidir a qualquer momento ser notificado sobre a coleta de cookies, efetuar o bloqueio ou at\u00e9 mesmo limp\u00e1-los, por\u00e9m, a recusa dos cookies pode impossibilitar o acesso a algumas \u00e1reas e tamb\u00e9m a personaliza\u00e7\u00e3o da informa\u00e7\u00e3o com base na sua navega\u00e7\u00e3o.<\/span><\/p>\n<p><b>Qual a utilidade do cookie?<\/b><\/p>\n<p><span>Os cookies s\u00e3o usados para ajudar a otimizar a navega\u00e7\u00e3o por parte do usu\u00e1rio, conhecendo seu comportamento, seus interesses, facilitando a navega\u00e7\u00e3o, deixando-a mais e eficiente, evitando informa\u00e7\u00f5es repetidas.<\/span><\/p>\n<p><b>Tipos de cookies:<\/b><\/p>\n<p><b>Essenciais<\/b><span>\u00a0\u2013 Essenciais para acessar \u00e1reas espec\u00edficas das nossas p\u00e1ginas online como por exemplo, \u00e1reas que necessitam de login.<\/span><\/p>\n<p><b>Anal\u00edticos\u00a0<\/b><span>\u2013 Utilizados para analisar a experi\u00eancia do usu\u00e1rio e assim otimizar a performance da navega\u00e7\u00e3o, oferecendo maior qualidade e rapidez de acesso e corrigindo problemas de forma mais r\u00e1pida e eficaz. S\u00e3o cookies utilizados para an\u00e1lise estat\u00edstica, sem coletar informa\u00e7\u00f5es pessoais.<\/span><\/p>\n<p><b>Funcionalidade<\/b><span>\u00a0\u2013 A fun\u00e7\u00e3o desses cookies \u00e9 lembrar as prefer\u00eancias do usu\u00e1rio, por exemplo, de forma que n\u00e3o seja necess\u00e1rio voltar a configurar o site cada vez que o visita, evitando por exemplo, que voc\u00ea tenha que digitar o seu nome toda vez que acessar a uma \u00e1rea onde exista um formul\u00e1rio de identifica\u00e7\u00e3o.\u00a0<\/span><\/p>\n<p><b>De terceiros<\/b><span>\u00a0\u2013 A fun\u00e7\u00e3o desse tipo de cookie \u00e9 mensurar o sucesso de aplica\u00e7\u00f5es e a efic\u00e1cia da publicidade de terceiros nas nossas p\u00e1ginas online, quando houver.<\/span><\/p>\n<p><b>Publicidade<\/b><span>\u00a0\u2013 Quando houver an\u00fancios publicit\u00e1rios em qualquer p\u00e1gina online, esses cookies ajudam a direcionar a comunica\u00e7\u00e3o dos an\u00fancios em fun\u00e7\u00e3o dos interesses de cada usu\u00e1rio e do n\u00famero de visitas que ele realizou, permitindo limitar a exibi\u00e7\u00e3o do an\u00fancio. Estes cookies tamb\u00e9m ajudam a medir a efic\u00e1cia da publicidade.<\/span><\/p>\n<p><b>Comportamento dos Cookies:<\/b><\/p>\n<p><b>Eles podem ser permanentes<\/b><span>\u00a0\u2013 Ficarem armazenados no navegador de internet (browser) nos seus dispositivos de acesso (pc, mobile e tablet) e serem utilizados sempre que o usu\u00e1rio houver uma nova visita. Geralmente s\u00e3o utilizados para direcionar a navega\u00e7\u00e3o de acordo com os interesses do usu\u00e1rio, permitindo a presta\u00e7\u00e3o de um servi\u00e7o mais personalizado.<\/span><\/p>\n<p><b>Cookies de sess\u00e3o<\/b><span>\u00a0\u2013 S\u00e3o cookies tempor\u00e1rios, permanecem no seu navegador at\u00e9 o momento em que voc\u00ea sair do site. Eles coletam informa\u00e7\u00f5es que permitem identificar problemas e fornecer uma melhor experi\u00eancia de navega\u00e7\u00e3o.<\/span><\/p>\n<p><span>Todos os navegadores (browsers) permitem aos seus usu\u00e1rios aceitar, recusar ou apagar cookies, individualmente atrav\u00e9s da sele\u00e7\u00e3o das configura\u00e7\u00f5es apropriadas no respectivo navegador<\/span><\/p>\n<p><span>Mas lembre-se, ao desativar cookies voc\u00ea pode impedir que alguns servi\u00e7os da funcionem corretamente, afetando, parcial ou totalmente, a navega\u00e7\u00e3o na p\u00e1gina.<\/span><\/p>\n<p><span>A VYDENCE\u00ae pode alterar esta pol\u00edtica de cookies conforme necess\u00e1rio. Verifique esta p\u00e1gina periodicamente se quiser acompanhar essas mudan\u00e7as.<\/span><\/p>\n<p><span><\/span><\/p>\n<p><em><span>Atualiza\u00e7\u00e3o desta Pol\u00edtica: Novembro\/2020<\/span><\/em>[\/et_pb_text][\/et_pb_column][\/et_pb_row][\/et_pb_section]<\/p>\n","protected":false},"excerpt":{"rendered":"<p>Pol\u00edtica de Cookies VYDENCE\u00ae Medical Utilizamos cookies para melhorar o desempenho e a sua experi\u00eancia no nosso site. Cookie, o que \u00e9? O termo cookies se refere a pequenos arquivos de texto que uma website ou qualquer p\u00e1gina online coloca no computador do usu\u00e1rio ou no seu dispositivo m\u00f3vel atrav\u00e9s do navegador de internet (browser) [&hellip;]<\/p>\n","protected":false},"author":1,"featured_media":0,"parent":0,"menu_order":0,"comment_status":"closed","ping_status":"closed","template":"","meta":{"_et_pb_use_builder":"on","_et_pb_old_content":"<!-- wp:heading -->\n<h2 class=\"wp-block-heading\">Who we are<\/h2>\n<!-- \/wp:heading -->\n<!-- wp:paragraph -->\n<p><strong class=\"privacy-policy-tutorial\">Suggested text: <\/strong>Our website address is: https:\/\/dev.encti.xyz\/vydence.<\/p>\n<!-- \/wp:paragraph -->\n<!-- wp:heading -->\n<h2 class=\"wp-block-heading\">Comments<\/h2>\n<!-- \/wp:heading -->\n<!-- wp:paragraph -->\n<p><strong class=\"privacy-policy-tutorial\">Suggested text: <\/strong>When visitors leave comments on the site we collect the data shown in the comments form, and also the visitor&#8217;s IP address and browser user agent string to help spam detection.<\/p>\n<!-- \/wp:paragraph -->\n<!-- wp:paragraph -->\n<p>An anonymized string created from your email address (also called a hash) may be provided to the Gravatar service to see if you are using it. The Gravatar service privacy policy is available here: https:\/\/automattic.com\/privacy\/. After approval of your comment, your profile picture is visible to the public in the context of your comment.<\/p>\n<!-- \/wp:paragraph -->\n<!-- wp:heading -->\n<h2 class=\"wp-block-heading\">Media<\/h2>\n<!-- \/wp:heading -->\n<!-- wp:paragraph -->\n<p><strong class=\"privacy-policy-tutorial\">Suggested text: <\/strong>If you upload images to the website, you should avoid uploading images with embedded location data (EXIF GPS) included. Visitors to the website can download and extract any location data from images on the website.<\/p>\n<!-- \/wp:paragraph -->\n<!-- wp:heading -->\n<h2 class=\"wp-block-heading\">Cookies<\/h2>\n<!-- \/wp:heading -->\n<!-- wp:paragraph -->\n<p><strong class=\"privacy-policy-tutorial\">Suggested text: <\/strong>If you leave a comment on our site you may opt-in to saving your name, email address and website in cookies. These are for your convenience so that you do not have to fill in your details again when you leave another comment. These cookies will last for one year.<\/p>\n<!-- \/wp:paragraph -->\n<!-- wp:paragraph -->\n<p>If you visit our login page, we will set a temporary cookie to determine if your browser accepts cookies. This cookie contains no personal data and is discarded when you close your browser.<\/p>\n<!-- \/wp:paragraph -->\n<!-- wp:paragraph -->\n<p>When you log in, we will also set up several cookies to save your login information and your screen display choices. Login cookies last for two days, and screen options cookies last for a year. If you select &quot;Remember Me&quot;, your login will persist for two weeks. If you log out of your account, the login cookies will be removed.<\/p>\n<!-- \/wp:paragraph -->\n<!-- wp:paragraph -->\n<p>If you edit or publish an article, an additional cookie will be saved in your browser. This cookie includes no personal data and simply indicates the post ID of the article you just edited. It expires after 1 day.<\/p>\n<!-- \/wp:paragraph -->\n<!-- wp:heading -->\n<h2 class=\"wp-block-heading\">Embedded content from other websites<\/h2>\n<!-- \/wp:heading -->\n<!-- wp:paragraph -->\n<p><strong class=\"privacy-policy-tutorial\">Suggested text: <\/strong>Articles on this site may include embedded content (e.g. videos, images, articles, etc.). Embedded content from other websites behaves in the exact same way as if the visitor has visited the other website.<\/p>\n<!-- \/wp:paragraph -->\n<!-- wp:paragraph -->\n<p>These websites may collect data about you, use cookies, embed additional third-party tracking, and monitor your interaction with that embedded content, including tracking your interaction with the embedded content if you have an account and are logged in to that website.<\/p>\n<!-- \/wp:paragraph -->\n<!-- wp:heading -->\n<h2 class=\"wp-block-heading\">Who we share your data with<\/h2>\n<!-- \/wp:heading -->\n<!-- wp:paragraph -->\n<p><strong class=\"privacy-policy-tutorial\">Suggested text: <\/strong>If you request a password reset, your IP address will be included in the reset email.<\/p>\n<!-- \/wp:paragraph -->\n<!-- wp:heading -->\n<h2 class=\"wp-block-heading\">How long we retain your data<\/h2>\n<!-- \/wp:heading -->\n<!-- wp:paragraph -->\n<p><strong class=\"privacy-policy-tutorial\">Suggested text: <\/strong>If you leave a comment, the comment and its metadata are retained indefinitely. This is so we can recognize and approve any follow-up comments automatically instead of holding them in a moderation queue.<\/p>\n<!-- \/wp:paragraph -->\n<!-- wp:paragraph -->\n<p>For users that register on our website (if any), we also store the personal information they provide in their user profile. All users can see, edit, or delete their personal information at any time (except they cannot change their username). Website administrators can also see and edit that information.<\/p>\n<!-- \/wp:paragraph -->\n<!-- wp:heading -->\n<h2 class=\"wp-block-heading\">What rights you have over your data<\/h2>\n<!-- \/wp:heading -->\n<!-- wp:paragraph -->\n<p><strong class=\"privacy-policy-tutorial\">Suggested text: <\/strong>If you have an account on this site, or have left comments, you can request to receive an exported file of the personal data we hold about you, including any data you have provided to us. You can also request that we erase any personal data we hold about you. This does not include any data we are obliged to keep for administrative, legal, or security purposes.<\/p>\n<!-- \/wp:paragraph -->\n<!-- wp:heading -->\n<h2 class=\"wp-block-heading\">Where your data is sent<\/h2>\n<!-- \/wp:heading -->\n<!-- wp:paragraph -->\n<p><strong class=\"privacy-policy-tutorial\">Suggested text: <\/strong>Visitor comments may be checked through an automated spam detection service.<\/p>\n<!-- \/wp:paragraph -->\n","_et_gb_content_width":"","inline_featured_image":false,"footnotes":""},"class_list":["post-1706","page","type-page","status-publish","hentry"],"yoast_head":"<!-- This site is optimized with the Yoast SEO Premium plugin v27.1 (Yoast SEO v27.4) - https:\/\/yoast.com\/product\/yoast-seo-premium-wordpress\/ -->\n<title>Pol\u00edtica de cookies - VYDENCE<\/title>\n<meta name=\"robots\" content=\"index, follow, max-snippet:-1, max-image-preview:large, max-video-preview:-1\" \/>\n<link rel=\"canonical\" href=\"https:\/\/www.vydence.com\/pt-br\/politica-de-cookies\/\" \/>\n<meta property=\"og:locale\" content=\"pt_BR\" \/>\n<meta property=\"og:type\" content=\"article\" \/>\n<meta property=\"og:title\" content=\"Pol\u00edtica de cookies\" \/>\n<meta property=\"og:description\" content=\"Pol\u00edtica de Cookies VYDENCE\u00ae Medical Utilizamos cookies para melhorar o desempenho e a sua experi\u00eancia no nosso site. Cookie, o que \u00e9? O termo cookies se refere a pequenos arquivos de texto que uma website ou qualquer p\u00e1gina online coloca no computador do usu\u00e1rio ou no seu dispositivo m\u00f3vel atrav\u00e9s do navegador de internet (browser) [&hellip;]\" \/>\n<meta property=\"og:url\" content=\"https:\/\/www.vydence.com\/pt-br\/politica-de-cookies\/\" \/>\n<meta property=\"og:site_name\" content=\"VYDENCE\" \/>\n<meta property=\"article:publisher\" content=\"https:\/\/www.facebook.com\/VYDENCE\" \/>\n<meta name=\"twitter:card\" content=\"summary_large_image\" \/>\n<meta name=\"twitter:label1\" content=\"Est. tempo de leitura\" \/>\n\t<meta name=\"twitter:data1\" content=\"4 minutos\" \/>\n<script type=\"application\/ld+json\" class=\"yoast-schema-graph\">{\"@context\":\"https:\\\/\\\/schema.org\",\"@graph\":[{\"@type\":\"WebPage\",\"@id\":\"https:\\\/\\\/www.vydence.com\\\/pt-br\\\/politica-de-cookies\\\/\",\"url\":\"https:\\\/\\\/www.vydence.com\\\/pt-br\\\/politica-de-cookies\\\/\",\"name\":\"Pol\u00edtica de cookies - VYDENCE\",\"isPartOf\":{\"@id\":\"https:\\\/\\\/www.vydence.com\\\/pt-br\\\/#website\"},\"datePublished\":\"2025-01-10T04:19:13+00:00\",\"breadcrumb\":{\"@id\":\"https:\\\/\\\/www.vydence.com\\\/pt-br\\\/politica-de-cookies\\\/#breadcrumb\"},\"inLanguage\":\"pt-BR\",\"potentialAction\":[{\"@type\":\"ReadAction\",\"target\":[\"https:\\\/\\\/www.vydence.com\\\/pt-br\\\/politica-de-cookies\\\/\"]}]},{\"@type\":\"BreadcrumbList\",\"@id\":\"https:\\\/\\\/www.vydence.com\\\/pt-br\\\/politica-de-cookies\\\/#breadcrumb\",\"itemListElement\":[{\"@type\":\"ListItem\",\"position\":1,\"name\":\"In\u00edcio\",\"item\":\"https:\\\/\\\/www.vydence.com\\\/pt-br\\\/\"},{\"@type\":\"ListItem\",\"position\":2,\"name\":\"Pol\u00edtica de cookies\"}]},{\"@type\":\"WebSite\",\"@id\":\"https:\\\/\\\/www.vydence.com\\\/pt-br\\\/#website\",\"url\":\"https:\\\/\\\/www.vydence.com\\\/pt-br\\\/\",\"name\":\"VYDENCE\",\"description\":\"\",\"publisher\":{\"@id\":\"https:\\\/\\\/www.vydence.com\\\/pt-br\\\/#organization\"},\"potentialAction\":[{\"@type\":\"SearchAction\",\"target\":{\"@type\":\"EntryPoint\",\"urlTemplate\":\"https:\\\/\\\/www.vydence.com\\\/pt-br\\\/?s={search_term_string}\"},\"query-input\":{\"@type\":\"PropertyValueSpecification\",\"valueRequired\":true,\"valueName\":\"search_term_string\"}}],\"inLanguage\":\"pt-BR\"},{\"@type\":\"Organization\",\"@id\":\"https:\\\/\\\/www.vydence.com\\\/pt-br\\\/#organization\",\"name\":\"VYDENCE\",\"url\":\"https:\\\/\\\/www.vydence.com\\\/pt-br\\\/\",\"logo\":{\"@type\":\"ImageObject\",\"inLanguage\":\"pt-BR\",\"@id\":\"https:\\\/\\\/www.vydence.com\\\/pt-br\\\/#\\\/schema\\\/logo\\\/image\\\/\",\"url\":\"https:\\\/\\\/www.vydence.com\\\/wp-content\\\/uploads\\\/2024\\\/11\\\/Logo.svg\",\"contentUrl\":\"https:\\\/\\\/www.vydence.com\\\/wp-content\\\/uploads\\\/2024\\\/11\\\/Logo.svg\",\"width\":149,\"height\":40,\"caption\":\"VYDENCE\"},\"image\":{\"@id\":\"https:\\\/\\\/www.vydence.com\\\/pt-br\\\/#\\\/schema\\\/logo\\\/image\\\/\"},\"sameAs\":[\"https:\\\/\\\/www.facebook.com\\\/VYDENCE\"]}]}<\/script>\n<!-- \/ Yoast SEO Premium plugin. -->","yoast_head_json":{"title":"Pol\u00edtica de cookies - VYDENCE","robots":{"index":"index","follow":"follow","max-snippet":"max-snippet:-1","max-image-preview":"max-image-preview:large","max-video-preview":"max-video-preview:-1"},"canonical":"https:\/\/www.vydence.com\/pt-br\/politica-de-cookies\/","og_locale":"pt_BR","og_type":"article","og_title":"Pol\u00edtica de cookies","og_description":"Pol\u00edtica de Cookies VYDENCE\u00ae Medical Utilizamos cookies para melhorar o desempenho e a sua experi\u00eancia no nosso site. Cookie, o que \u00e9? O termo cookies se refere a pequenos arquivos de texto que uma website ou qualquer p\u00e1gina online coloca no computador do usu\u00e1rio ou no seu dispositivo m\u00f3vel atrav\u00e9s do navegador de internet (browser) [&hellip;]","og_url":"https:\/\/www.vydence.com\/pt-br\/politica-de-cookies\/","og_site_name":"VYDENCE","article_publisher":"https:\/\/www.facebook.com\/VYDENCE","twitter_card":"summary_large_image","twitter_misc":{"Est. tempo de leitura":"4 minutos"},"schema":{"@context":"https:\/\/schema.org","@graph":[{"@type":"WebPage","@id":"https:\/\/www.vydence.com\/pt-br\/politica-de-cookies\/","url":"https:\/\/www.vydence.com\/pt-br\/politica-de-cookies\/","name":"Pol\u00edtica de cookies - VYDENCE","isPartOf":{"@id":"https:\/\/www.vydence.com\/pt-br\/#website"},"datePublished":"2025-01-10T04:19:13+00:00","breadcrumb":{"@id":"https:\/\/www.vydence.com\/pt-br\/politica-de-cookies\/#breadcrumb"},"inLanguage":"pt-BR","potentialAction":[{"@type":"ReadAction","target":["https:\/\/www.vydence.com\/pt-br\/politica-de-cookies\/"]}]},{"@type":"BreadcrumbList","@id":"https:\/\/www.vydence.com\/pt-br\/politica-de-cookies\/#breadcrumb","itemListElement":[{"@type":"ListItem","position":1,"name":"In\u00edcio","item":"https:\/\/www.vydence.com\/pt-br\/"},{"@type":"ListItem","position":2,"name":"Pol\u00edtica de cookies"}]},{"@type":"WebSite","@id":"https:\/\/www.vydence.com\/pt-br\/#website","url":"https:\/\/www.vydence.com\/pt-br\/","name":"VYDENCE","description":"","publisher":{"@id":"https:\/\/www.vydence.com\/pt-br\/#organization"},"potentialAction":[{"@type":"SearchAction","target":{"@type":"EntryPoint","urlTemplate":"https:\/\/www.vydence.com\/pt-br\/?s={search_term_string}"},"query-input":{"@type":"PropertyValueSpecification","valueRequired":true,"valueName":"search_term_string"}}],"inLanguage":"pt-BR"},{"@type":"Organization","@id":"https:\/\/www.vydence.com\/pt-br\/#organization","name":"VYDENCE","url":"https:\/\/www.vydence.com\/pt-br\/","logo":{"@type":"ImageObject","inLanguage":"pt-BR","@id":"https:\/\/www.vydence.com\/pt-br\/#\/schema\/logo\/image\/","url":"https:\/\/www.vydence.com\/wp-content\/uploads\/2024\/11\/Logo.svg","contentUrl":"https:\/\/www.vydence.com\/wp-content\/uploads\/2024\/11\/Logo.svg","width":149,"height":40,"caption":"VYDENCE"},"image":{"@id":"https:\/\/www.vydence.com\/pt-br\/#\/schema\/logo\/image\/"},"sameAs":["https:\/\/www.facebook.com\/VYDENCE"]}]}},"_links":{"self":[{"href":"https:\/\/www.vydence.com\/pt-br\/wp-json\/wp\/v2\/pages\/1706","targetHints":{"allow":["GET"]}}],"collection":[{"href":"https:\/\/www.vydence.com\/pt-br\/wp-json\/wp\/v2\/pages"}],"about":[{"href":"https:\/\/www.vydence.com\/pt-br\/wp-json\/wp\/v2\/types\/page"}],"author":[{"embeddable":true,"href":"https:\/\/www.vydence.com\/pt-br\/wp-json\/wp\/v2\/users\/1"}],"replies":[{"embeddable":true,"href":"https:\/\/www.vydence.com\/pt-br\/wp-json\/wp\/v2\/comments?post=1706"}],"version-history":[{"count":2,"href":"https:\/\/www.vydence.com\/pt-br\/wp-json\/wp\/v2\/pages\/1706\/revisions"}],"predecessor-version":[{"id":1708,"href":"https:\/\/www.vydence.com\/pt-br\/wp-json\/wp\/v2\/pages\/1706\/revisions\/1708"}],"wp:attachment":[{"href":"https:\/\/www.vydence.com\/pt-br\/wp-json\/wp\/v2\/media?parent=1706"}],"curies":[{"name":"wp","href":"https:\/\/api.w.org\/{rel}","templated":true}]}}