{"id":20957,"date":"2025-05-28T12:10:33","date_gmt":"2025-05-28T15:10:33","guid":{"rendered":"https:\/\/www.vydence.com\/?page_id=20957"},"modified":"2025-05-28T12:10:35","modified_gmt":"2025-05-28T15:10:35","slug":"contacto-2","status":"publish","type":"page","link":"https:\/\/www.vydence.com\/es\/contacto-2\/","title":{"rendered":"Contacto"},"content":{"rendered":"<p>[et_pb_section fb_built=\u00bb1&#8243; _builder_version=\u00bb4.27.3&#8243; _module_preset=\u00bbdefault\u00bb background_image=\u00bbhttps:\/\/www.vydence.com\/wp-content\/uploads\/2024\/11\/bg-contato-vydence.jpg\u00bb custom_padding=\u00bb178px||||false|false\u00bb global_colors_info=\u00bb{}\u00bb][et_pb_row column_structure=\u00bb1_2,1_2&#8243; _builder_version=\u00bb4.27.3&#8243; _module_preset=\u00bbdefault\u00bb global_colors_info=\u00bb{}\u00bb][et_pb_column type=\u00bb1_2&#8243; _builder_version=\u00bb4.27.3&#8243; _module_preset=\u00bbdefault\u00bb global_colors_info=\u00bb{}\u00bb][et_pb_text _builder_version=\u00bb4.27.4&#8243; _module_preset=\u00bbdefault\u00bb text_text_color=\u00bb#FFFFFF\u00bb header_font=\u00bbMontserrat|600|||||||\u00bb header_text_color=\u00bb#FFFFFF\u00bb header_font_size=\u00bb40px\u00bb global_colors_info=\u00bb{}\u00bb]<\/p>\n<h1>Contacto<\/h1>\n<p>[\/et_pb_text][et_pb_text _builder_version=\u00bb4.27.4&#8243; _module_preset=\u00bbdefault\u00bb text_font=\u00bbMontserrat||||||||\u00bb text_text_color=\u00bb#FFFFFF\u00bb text_font_size=\u00bb17px\u00bb global_colors_info=\u00bb{}\u00bb]<\/p>\n<p>En VYDENCE\u00ae Medical, estamos listos para ayudarte. Ya sea para resolver dudas, obtener informaci\u00f3n sobre nuestros productos o cualquier otra necesidad, nuestro equipo de especialistas est\u00e1 a tu disposici\u00f3n<\/p>\n<p>[\/et_pb_text][et_pb_text _builder_version=\u00bb4.27.4&#8243; _module_preset=\u00bbdefault\u00bb header_font=\u00bbMontserrat|600|||||||\u00bb header_text_color=\u00bb#FFFFFF\u00bb header_font_size=\u00bb40px\u00bb global_colors_info=\u00bb{}\u00bb]<\/p>\n<h1>Postventa<\/h1>\n<p>[\/et_pb_text][et_pb_text _builder_version=\u00bb4.27.4&#8243; _module_preset=\u00bbdefault\u00bb text_font=\u00bbMontserrat|500|on||||||\u00bb text_text_color=\u00bb#FFFFFF\u00bb text_font_size=\u00bb17px\u00bb global_colors_info=\u00bb{}\u00bb]<\/p>\n<p style=\"text-align: left;\">Atenci\u00f3n de lunes a viernes, de 9:00 a 17:00.<\/p>\n<p style=\"text-align: left;\">Correo electr\u00f3nico: <a href=\"mailto:assistenciatecnica@vydence.com\" style= 'color: #d6dee2'>assistenciatecnica@vydence.com<\/a><\/p>\n<p style=\"text-align: left;\">Tel\u00e9fono: +55 16 3306.5050 \u2013 Extensi\u00f3n 2<br \/>\nWhatsApp: +55 16 98136.6929<\/p>\n<p>[\/et_pb_text][\/et_pb_column][et_pb_column type=\u00bb1_2&#8243; _builder_version=\u00bb4.27.3&#8243; _module_preset=\u00bbdefault\u00bb global_colors_info=\u00bb{}\u00bb][et_pb_code _builder_version=\u00bb4.27.4&#8243; _module_preset=\u00bbdefault\u00bb global_colors_info=\u00bb{}\u00bb]<\/p>\n<div role=\"main\" id=\"2025-site-fale-conosco-contato-geral-esp-81ffac83250725f42c7a\"><\/div>\n<p><script type=\"text\/javascript\" src=\"https:\/\/d335luupugsy2.cloudfront.net\/js\/rdstation-forms\/stable\/rdstation-forms.min.js\"><\/script><script type=\"text\/javascript\"> new RDStationForms('2025-site-fale-conosco-contato-geral-esp-81ffac83250725f42c7a', 'UA-147160975-1').createForm();<\/script>[\/et_pb_code][\/et_pb_column][\/et_pb_row][\/et_pb_section][et_pb_section fb_built=\u00bb1&#8243; _builder_version=\u00bb4.27.3&#8243; _module_preset=\u00bbdefault\u00bb global_colors_info=\u00bb{}\u00bb][et_pb_row _builder_version=\u00bb4.27.3&#8243; _module_preset=\u00bbdefault\u00bb global_colors_info=\u00bb{}\u00bb][et_pb_column type=\u00bb4_4&#8243; _builder_version=\u00bb4.27.3&#8243; _module_preset=\u00bbdefault\u00bb global_colors_info=\u00bb{}\u00bb][et_pb_text _builder_version=\u00bb4.27.4&#8243; _module_preset=\u00bbdefault\u00bb header_font=\u00bbMontserrat|600|||||||\u00bb header_text_color=\u00bb#000000&#8243; header_font_size=\u00bb29px\u00bb global_colors_info=\u00bb{}\u00bb]<\/p>\n<h1>Donde estamos<\/h1>\n<p>[\/et_pb_text][\/et_pb_column][\/et_pb_row][et_pb_row column_structure=\u00bb1_3,1_3,1_3&#8243; use_custom_gutter=\u00bbon\u00bb gutter_width=\u00bb2&#8243; _builder_version=\u00bb4.27.4&#8243; _module_preset=\u00bbdefault\u00bb custom_padding=\u00bb||10px|||\u00bb global_colors_info=\u00bb{}\u00bb][et_pb_column type=\u00bb1_3&#8243; _builder_version=\u00bb4.27.3&#8243; _module_preset=\u00bbdefault\u00bb global_colors_info=\u00bb{}\u00bb][et_pb_blurb title=\u00bbVYDENCE\u00ae Brasil\u00bb image=\u00bbhttps:\/\/www.vydence.com\/wp-content\/uploads\/2024\/11\/contatoSinopse1.webp\u00bb _builder_version=\u00bb4.27.4&#8243; _module_preset=\u00bbdefault\u00bb header_level=\u00bbh1&#8243; header_font=\u00bbMontserrat|700|||||||\u00bb header_text_color=\u00bb#000000&#8243; header_font_size=\u00bb21px\u00bb body_font=\u00bbMontserrat||||||||\u00bb body_text_color=\u00bb#555758&#8243; body_font_size=\u00bb15px\u00bb global_colors_info=\u00bb{}\u00bb custom_margin=\u00bb||35px|||\u00bb]<\/p>\n<p>Rua Aldo Germano Klein, 359. CEAT<br \/>S\u00e3o Carlos, SP, Brasil \u2013 CEP 13573-470<\/p>\n<p><span style=\"color: #139dd1; font-weight: 600;\">Contacto:<\/span> +55 (016) 3306-5050<\/p>\n<p>[\/et_pb_blurb][et_pb_divider _builder_version=\u00bb4.27.4&#8243; _module_preset=\u00bbdefault\u00bb color=\u00bb#f2f2f2&#8243; hover_enabled=\u00bb0&#8243; sticky_enabled=\u00bb0&#8243; custom_margin=\u00bb||11px|||\u00bb][\/et_pb_divider][et_pb_text _builder_version=\u00bb4.27.4&#8243; _module_preset=\u00bbdefault\u00bb text_font=\u00bbMontserrat|500|||||||\u00bb text_text_color=\u00bb#000000&#8243; custom_margin=\u00bb||||false|false\u00bb global_colors_info=\u00bb{}\u00bb]<\/p>\n<p>Ubicada en S\u00e3o Carlos, SP, una de las ciudades con mayor potencial tecnol\u00f3gico de Brasil, rodeada por la USP y la UFSCar, la moderna infraestructura de VYDENCE\u00ae Medical cuenta con un centro de fabricaci\u00f3n de m\u00e1s de 2,500 m\u00b2 dedicado al desarrollo y producci\u00f3n de l\u00e1seres y tecnolog\u00eda electrom\u00e9dica.<\/p>\n<p>Adem\u00e1s de instalaciones especialmente dise\u00f1adas para cumplir con los est\u00e1ndares internacionales de calidad, como la norma ISO 13485, VYDENCE\u00ae Medical dispone de una estructura optimizada, enfocada principalmente en laboratorios de \u00f3ptica avanzada, un centro de mecanizado y fabricaci\u00f3n mec\u00e1nica, y un flujo eficiente para brindar asistencia t\u00e9cnica y soporte al cliente.<\/p>\n<p>[\/et_pb_text][\/et_pb_column][et_pb_column type=\u00bb1_3&#8243; _builder_version=\u00bb4.27.3&#8243; _module_preset=\u00bbdefault\u00bb global_colors_info=\u00bb{}\u00bb][et_pb_blurb title=\u00bbCentro de entrenamiento\u00bb image=\u00bbhttps:\/\/www.vydence.com\/wp-content\/uploads\/2024\/11\/contatoSinopse2.webp\u00bb _builder_version=\u00bb4.27.4&#8243; _module_preset=\u00bbdefault\u00bb header_level=\u00bbh1&#8243; header_font=\u00bbMontserrat|700|||||||\u00bb header_text_color=\u00bb#000000&#8243; header_font_size=\u00bb22px\u00bb body_font=\u00bbMontserrat|500|||||||\u00bb body_text_color=\u00bb#555758&#8243; body_font_size=\u00bb15px\u00bb body_line_height=\u00bb1.8em\u00bb global_colors_info=\u00bb{}\u00bb custom_margin=\u00bb||24px|||\u00bb]<\/p>\n<p>Av Fagundes Filho, 486, Sl 96. S Judas<br \/>CEP 04304-000. S\u00e3o Paulo, SP. Brasil<\/p>\n<p><span style=\"color: #139dd1; font-weight: 600;\">Contacto:<\/span> +55 (011) 5585-7703<\/p>\n<p>[\/et_pb_blurb][et_pb_divider _builder_version=\u00bb4.27.4&#8243; _module_preset=\u00bbdefault\u00bb color=\u00bb#f2f2f2&#8243; hover_enabled=\u00bb0&#8243; sticky_enabled=\u00bb0&#8243; custom_margin=\u00bb||11px|||\u00bb][\/et_pb_divider][et_pb_text _builder_version=\u00bb4.27.4&#8243; _module_preset=\u00bbdefault\u00bb text_font=\u00bbMontserrat|500|||||||\u00bb text_text_color=\u00bb#000000&#8243; custom_margin=\u00bb||||false|false\u00bb global_colors_info=\u00bb{}\u00bb]<\/p>\n<p>El Centro de Entrenamiento VYDENCE\u00ae Medical en S\u00e3o Paulo est\u00e1 dise\u00f1ado espec\u00edficamente para ofrecer soporte al cliente y educaci\u00f3n continua. La estructura permite realizar cursos, conferencias e incluso clases pr\u00e1cticas con pacientes, proporcionando a los m\u00e9dicos un sistema \u00fanico de capacitaci\u00f3n.<\/p>\n<p>Gracias a su ubicaci\u00f3n privilegiada, el centro facilita el acceso desde cualquier parte de Brasil y del mundo, ofreciendo una gran flexibilidad para que los clientes de VYDENCE\u00ae Medical cuenten con esta ventaja a su entera disposici\u00f3n.<\/p>\n<p>[\/et_pb_text][\/et_pb_column][et_pb_column type=\u00bb1_3&#8243; _builder_version=\u00bb4.27.3&#8243; _module_preset=\u00bbdefault\u00bb global_colors_info=\u00bb{}\u00bb][et_pb_blurb title=\u00bbOficina en EEUU\u00bb image=\u00bbhttps:\/\/www.vydence.com\/wp-content\/uploads\/2024\/11\/contatoSinopse3.webp\u00bb _builder_version=\u00bb4.27.4&#8243; _module_preset=\u00bbdefault\u00bb header_font=\u00bbMontserrat|700|||||||\u00bb header_text_color=\u00bb#000000&#8243; header_font_size=\u00bb23px\u00bb body_font=\u00bbMontserrat|500|||||||\u00bb body_text_color=\u00bb#555758&#8243; body_font_size=\u00bb15px\u00bb global_colors_info=\u00bb{}\u00bb custom_margin=\u00bb||69px|||\u00bb]<\/p>\n<p>8411 Laurel Fair Circle, Suite 100<br \/>Tampa, FL 33610 \u2013 USA<\/p>\n<p>[\/et_pb_blurb][et_pb_divider _builder_version=\u00bb4.27.4&#8243; _module_preset=\u00bbdefault\u00bb color=\u00bb#f2f2f2&#8243; hover_enabled=\u00bb0&#8243; sticky_enabled=\u00bb0&#8243; custom_margin=\u00bb||11px|||\u00bb][\/et_pb_divider][et_pb_text _builder_version=\u00bb4.27.4&#8243; _module_preset=\u00bbdefault\u00bb text_font=\u00bbMontserrat|500|||||||\u00bb text_text_color=\u00bb#000000&#8243; custom_margin=\u00bb||||false|false\u00bb global_colors_info=\u00bb{}\u00bb]<\/p>\n<p>VYDENCE\u00ae cuenta con una oficina en Estados Unidos que respalda sus operaciones internacionales, facilitando el acceso a las tecnolog\u00edas m\u00e1s nuevas y avanzadas. La unidad de negocios tambi\u00e9n se dedica a buscar productos innovadores que complementen el portafolio de la empresa.<\/p>\n<p>Reiteramos as\u00ed nuestro compromiso con el plan de expansi\u00f3n global de la marca, llevando transformaciones reales y revolucionarias a las \u00e1reas de dermatolog\u00eda, cirug\u00eda pl\u00e1stica, medicina est\u00e9tica y flebolog\u00eda, como nunca antes visto.<\/p>\n<p>[\/et_pb_text][\/et_pb_column][\/et_pb_row][\/et_pb_section]<\/p>\n","protected":false},"excerpt":{"rendered":"<p>ContactoEn VYDENCE\u00ae Medical, estamos listos para ayudarte. Ya sea para resolver dudas, obtener informaci\u00f3n sobre nuestros productos o cualquier otra necesidad, nuestro equipo de especialistas est\u00e1 a tu disposici\u00f3nPostventaAtenci\u00f3n de lunes a viernes, de 9:00 a 17:00. Correo electr\u00f3nico: assistenciatecnica@vydence.com Tel\u00e9fono: +55 16 3306.5050 \u2013 Extensi\u00f3n 2 WhatsApp: +55 16 98136.6929Donde estamosRua Aldo Germano Klein, [&hellip;]<\/p>\n","protected":false},"author":1,"featured_media":0,"parent":0,"menu_order":0,"comment_status":"closed","ping_status":"closed","template":"","meta":{"_et_pb_use_builder":"on","_et_pb_old_content":"","_et_gb_content_width":"","inline_featured_image":false,"footnotes":""},"class_list":["post-20957","page","type-page","status-publish","hentry"],"yoast_head":"<!-- This site is optimized with the Yoast SEO Premium plugin v27.1 (Yoast SEO v27.1.1) - https:\/\/yoast.com\/product\/yoast-seo-premium-wordpress\/ -->\n<title>Contacto - VYDENCE<\/title>\n<meta name=\"robots\" content=\"index, follow, max-snippet:-1, max-image-preview:large, max-video-preview:-1\" \/>\n<link rel=\"canonical\" href=\"https:\/\/www.vydence.com\/es\/contacto-2\/\" \/>\n<meta property=\"og:locale\" content=\"es_ES\" \/>\n<meta property=\"og:type\" content=\"article\" \/>\n<meta property=\"og:title\" content=\"Contacto\" \/>\n<meta property=\"og:description\" content=\"ContactoEn VYDENCE\u00ae Medical, estamos listos para ayudarte. Ya sea para resolver dudas, obtener informaci\u00f3n sobre nuestros productos o cualquier otra necesidad, nuestro equipo de especialistas est\u00e1 a tu disposici\u00f3nPostventaAtenci\u00f3n de lunes a viernes, de 9:00 a 17:00. Correo electr\u00f3nico: assistenciatecnica@vydence.com Tel\u00e9fono: +55 16 3306.5050 \u2013 Extensi\u00f3n 2 WhatsApp: +55 16 98136.6929Donde estamosRua Aldo Germano Klein, [&hellip;]\" \/>\n<meta property=\"og:url\" content=\"https:\/\/www.vydence.com\/es\/contacto-2\/\" \/>\n<meta property=\"og:site_name\" content=\"VYDENCE\" \/>\n<meta property=\"article:publisher\" content=\"https:\/\/www.facebook.com\/VYDENCE\" \/>\n<meta property=\"article:modified_time\" content=\"2025-05-28T15:10:35+00:00\" \/>\n<meta name=\"twitter:card\" content=\"summary_large_image\" \/>\n<meta name=\"twitter:label1\" content=\"Tiempo de lectura\" \/>\n\t<meta name=\"twitter:data1\" content=\"5 minutos\" \/>\n<script type=\"application\/ld+json\" class=\"yoast-schema-graph\">{\"@context\":\"https:\/\/schema.org\",\"@graph\":[{\"@type\":\"WebPage\",\"@id\":\"https:\/\/www.vydence.com\/es\/contacto-2\/\",\"url\":\"https:\/\/www.vydence.com\/es\/contacto-2\/\",\"name\":\"Contacto - VYDENCE\",\"isPartOf\":{\"@id\":\"https:\/\/www.vydence.com\/es\/#website\"},\"datePublished\":\"2025-05-28T15:10:33+00:00\",\"dateModified\":\"2025-05-28T15:10:35+00:00\",\"breadcrumb\":{\"@id\":\"https:\/\/www.vydence.com\/es\/contacto-2\/#breadcrumb\"},\"inLanguage\":\"es\",\"potentialAction\":[{\"@type\":\"ReadAction\",\"target\":[\"https:\/\/www.vydence.com\/es\/contacto-2\/\"]}]},{\"@type\":\"BreadcrumbList\",\"@id\":\"https:\/\/www.vydence.com\/es\/contacto-2\/#breadcrumb\",\"itemListElement\":[{\"@type\":\"ListItem\",\"position\":1,\"name\":\"In\u00edcio\",\"item\":\"https:\/\/www.vydence.com\/es\/\"},{\"@type\":\"ListItem\",\"position\":2,\"name\":\"Contacto\"}]},{\"@type\":\"WebSite\",\"@id\":\"https:\/\/www.vydence.com\/es\/#website\",\"url\":\"https:\/\/www.vydence.com\/es\/\",\"name\":\"VYDENCE\",\"description\":\"\",\"publisher\":{\"@id\":\"https:\/\/www.vydence.com\/es\/#organization\"},\"potentialAction\":[{\"@type\":\"SearchAction\",\"target\":{\"@type\":\"EntryPoint\",\"urlTemplate\":\"https:\/\/www.vydence.com\/es\/?s={search_term_string}\"},\"query-input\":{\"@type\":\"PropertyValueSpecification\",\"valueRequired\":true,\"valueName\":\"search_term_string\"}}],\"inLanguage\":\"es\"},{\"@type\":\"Organization\",\"@id\":\"https:\/\/www.vydence.com\/es\/#organization\",\"name\":\"VYDENCE\",\"url\":\"https:\/\/www.vydence.com\/es\/\",\"logo\":{\"@type\":\"ImageObject\",\"inLanguage\":\"es\",\"@id\":\"https:\/\/www.vydence.com\/es\/#\/schema\/logo\/image\/\",\"url\":\"https:\/\/www.vydence.com\/wp-content\/uploads\/2024\/11\/Logo.svg\",\"contentUrl\":\"https:\/\/www.vydence.com\/wp-content\/uploads\/2024\/11\/Logo.svg\",\"width\":149,\"height\":40,\"caption\":\"VYDENCE\"},\"image\":{\"@id\":\"https:\/\/www.vydence.com\/es\/#\/schema\/logo\/image\/\"},\"sameAs\":[\"https:\/\/www.facebook.com\/VYDENCE\"]}]}<\/script>\n<!-- \/ Yoast SEO Premium plugin. -->","yoast_head_json":{"title":"Contacto - VYDENCE","robots":{"index":"index","follow":"follow","max-snippet":"max-snippet:-1","max-image-preview":"max-image-preview:large","max-video-preview":"max-video-preview:-1"},"canonical":"https:\/\/www.vydence.com\/es\/contacto-2\/","og_locale":"es_ES","og_type":"article","og_title":"Contacto","og_description":"ContactoEn VYDENCE\u00ae Medical, estamos listos para ayudarte. Ya sea para resolver dudas, obtener informaci\u00f3n sobre nuestros productos o cualquier otra necesidad, nuestro equipo de especialistas est\u00e1 a tu disposici\u00f3nPostventaAtenci\u00f3n de lunes a viernes, de 9:00 a 17:00. Correo electr\u00f3nico: assistenciatecnica@vydence.com Tel\u00e9fono: +55 16 3306.5050 \u2013 Extensi\u00f3n 2 WhatsApp: +55 16 98136.6929Donde estamosRua Aldo Germano Klein, [&hellip;]","og_url":"https:\/\/www.vydence.com\/es\/contacto-2\/","og_site_name":"VYDENCE","article_publisher":"https:\/\/www.facebook.com\/VYDENCE","article_modified_time":"2025-05-28T15:10:35+00:00","twitter_card":"summary_large_image","twitter_misc":{"Tiempo de lectura":"5 minutos"},"schema":{"@context":"https:\/\/schema.org","@graph":[{"@type":"WebPage","@id":"https:\/\/www.vydence.com\/es\/contacto-2\/","url":"https:\/\/www.vydence.com\/es\/contacto-2\/","name":"Contacto - VYDENCE","isPartOf":{"@id":"https:\/\/www.vydence.com\/es\/#website"},"datePublished":"2025-05-28T15:10:33+00:00","dateModified":"2025-05-28T15:10:35+00:00","breadcrumb":{"@id":"https:\/\/www.vydence.com\/es\/contacto-2\/#breadcrumb"},"inLanguage":"es","potentialAction":[{"@type":"ReadAction","target":["https:\/\/www.vydence.com\/es\/contacto-2\/"]}]},{"@type":"BreadcrumbList","@id":"https:\/\/www.vydence.com\/es\/contacto-2\/#breadcrumb","itemListElement":[{"@type":"ListItem","position":1,"name":"In\u00edcio","item":"https:\/\/www.vydence.com\/es\/"},{"@type":"ListItem","position":2,"name":"Contacto"}]},{"@type":"WebSite","@id":"https:\/\/www.vydence.com\/es\/#website","url":"https:\/\/www.vydence.com\/es\/","name":"VYDENCE","description":"","publisher":{"@id":"https:\/\/www.vydence.com\/es\/#organization"},"potentialAction":[{"@type":"SearchAction","target":{"@type":"EntryPoint","urlTemplate":"https:\/\/www.vydence.com\/es\/?s={search_term_string}"},"query-input":{"@type":"PropertyValueSpecification","valueRequired":true,"valueName":"search_term_string"}}],"inLanguage":"es"},{"@type":"Organization","@id":"https:\/\/www.vydence.com\/es\/#organization","name":"VYDENCE","url":"https:\/\/www.vydence.com\/es\/","logo":{"@type":"ImageObject","inLanguage":"es","@id":"https:\/\/www.vydence.com\/es\/#\/schema\/logo\/image\/","url":"https:\/\/www.vydence.com\/wp-content\/uploads\/2024\/11\/Logo.svg","contentUrl":"https:\/\/www.vydence.com\/wp-content\/uploads\/2024\/11\/Logo.svg","width":149,"height":40,"caption":"VYDENCE"},"image":{"@id":"https:\/\/www.vydence.com\/es\/#\/schema\/logo\/image\/"},"sameAs":["https:\/\/www.facebook.com\/VYDENCE"]}]}},"_links":{"self":[{"href":"https:\/\/www.vydence.com\/es\/wp-json\/wp\/v2\/pages\/20957","targetHints":{"allow":["GET"]}}],"collection":[{"href":"https:\/\/www.vydence.com\/es\/wp-json\/wp\/v2\/pages"}],"about":[{"href":"https:\/\/www.vydence.com\/es\/wp-json\/wp\/v2\/types\/page"}],"author":[{"embeddable":true,"href":"https:\/\/www.vydence.com\/es\/wp-json\/wp\/v2\/users\/1"}],"replies":[{"embeddable":true,"href":"https:\/\/www.vydence.com\/es\/wp-json\/wp\/v2\/comments?post=20957"}],"version-history":[{"count":1,"href":"https:\/\/www.vydence.com\/es\/wp-json\/wp\/v2\/pages\/20957\/revisions"}],"predecessor-version":[{"id":20963,"href":"https:\/\/www.vydence.com\/es\/wp-json\/wp\/v2\/pages\/20957\/revisions\/20963"}],"wp:attachment":[{"href":"https:\/\/www.vydence.com\/es\/wp-json\/wp\/v2\/media?parent=20957"}],"curies":[{"name":"wp","href":"https:\/\/api.w.org\/{rel}","templated":true}]}}