{"id":20106,"date":"2025-01-10T01:19:13","date_gmt":"2025-01-10T04:19:13","guid":{"rendered":"https:\/\/www.vydence.com\/politica-de-cookies\/"},"modified":"2025-02-03T21:44:38","modified_gmt":"2025-02-04T00:44:38","slug":"politica-de-cookies","status":"publish","type":"page","link":"https:\/\/www.vydence.com\/es\/politica-de-cookies\/","title":{"rendered":"Pol\u00edtica de cookies"},"content":{"rendered":"<p>[et_pb_section fb_built=\u00bb1&#8243; _builder_version=\u00bb4.16&#8243; global_colors_info=\u00bb{}\u00bb][et_pb_row _builder_version=\u00bb4.16&#8243; background_size=\u00bbinitial\u00bb background_position=\u00bbtop_left\u00bb background_repeat=\u00bbrepeat\u00bb global_colors_info=\u00bb{}\u00bb][et_pb_column type=\u00bb4_4&#8243; _builder_version=\u00bb4.16&#8243; custom_padding=\u00bb|||\u00bb global_colors_info=\u00bb{}\u00bb custom_padding__hover=\u00bb|||\u00bb][et_pb_text _builder_version=\u00bb4.16&#8243; background_size=\u00bbinitial\u00bb background_position=\u00bbtop_left\u00bb background_repeat=\u00bbrepeat\u00bb global_colors_info=\u00bb{}\u00bb][\/et_pb_text][\/et_pb_column][\/et_pb_row][et_pb_row _builder_version=\u00bb4.27.4&#8243; _module_preset=\u00bbdefault\u00bb global_colors_info=\u00bb{}\u00bb][et_pb_column type=\u00bb4_4&#8243; _builder_version=\u00bb4.27.4&#8243; _module_preset=\u00bbdefault\u00bb global_colors_info=\u00bb{}\u00bb][et_pb_text _builder_version=\u00bb4.27.4&#8243; _module_preset=\u00bbdefault\u00bb custom_margin=\u00bb41px||||false|false\u00bb hover_enabled=\u00bb0&#8243; global_colors_info=\u00bb{}\u00bb sticky_enabled=\u00bb0&#8243;]<\/p>\n<h2><strong>Pol\u00edtica de Cookies de VYDENCE\u00ae Medical<\/strong><\/h2>\n<p><span style=\"font-weight: 400;\"><\/span><\/p>\n<p><span style=\"font-weight: 400;\">Utilizamos cookies para mejorar el rendimiento y su experiencia en nuestro sitio web.<\/span><\/p>\n<p><b>\u00bfQu\u00e9 es una cookie?<\/b><\/p>\n<p><span style=\"font-weight: 400;\">El t\u00e9rmino cookie se refiere a peque\u00f1os archivos de texto que un sitio web o cualquier p\u00e1gina web coloca en la computadora o dispositivo m\u00f3vil del usuario a trav\u00e9s del navegador de Internet en el momento del acceso. Las cookies ayudan a nuestro sitio web a reconocer su dispositivo en su pr\u00f3xima visita.<\/span><\/p>\n<p><span style=\"font-weight: 400;\">Nuestras cookies no recopilan informaci\u00f3n que identifique al usuario si es el primer acceso del usuario. Sin embargo, si su navegaci\u00f3n comenz\u00f3 a trav\u00e9s de una comunicaci\u00f3n enviada por nosotros, como un correo electr\u00f3nico, por ejemplo, o si ya es cliente, nuestras cookies pueden monitorear su visita a nuestras p\u00e1ginas web.<\/span><\/p>\n<p><span style=\"font-weight: 400;\">Nuestras cookies recopilan informaci\u00f3n gen\u00e9rica. Esencialmente, recopilan la forma en que un usuario llega y utiliza nuestro sitio web u otras p\u00e1ginas web. Adem\u00e1s, recopilan informaci\u00f3n sobre la parte del pa\u00eds o pa\u00edses de origen desde los que el usuario est\u00e1 accediendo al sitio.<\/span><\/p>\n<p><span style=\"font-weight: 400;\">Adicionalmente, las cookies recopilan informaci\u00f3n relacionada con sus preferencias.<\/span><\/p>\n<p><span style=\"font-weight: 400;\">A trav\u00e9s de su navegador, puede decidir en cualquier momento ser notificado sobre la recopilaci\u00f3n de cookies, bloquearlas o incluso eliminarlas. Sin embargo, rechazar las cookies podr\u00eda imposibilitar el acceso a ciertas \u00e1reas, as\u00ed como deshabilitar la personalizaci\u00f3n de la informaci\u00f3n en funci\u00f3n de su navegaci\u00f3n.<\/span><\/p>\n<p><b>\u00bfPara qu\u00e9 sirven las cookies?<\/b><\/p>\n<p><span style=\"font-weight: 400;\">Las cookies se utilizan para ayudar a optimizar la navegaci\u00f3n de un usuario al conocer el comportamiento e intereses del usuario y facilitar la navegaci\u00f3n para hacerla m\u00e1s eficiente y evitar informaci\u00f3n repetitiva.<\/span><\/p>\n<p><b>Tipos de cookies:<\/b><\/p>\n<p><b>Esenciales<\/b><span style=\"font-weight: 400;\"> &#8211; Son esenciales para acceder a \u00e1reas espec\u00edficas de nuestras p\u00e1ginas web, como, por ejemplo, \u00e1reas que requieren un inicio de sesi\u00f3n.<\/span><\/p>\n<p><b>Anal\u00edticas<\/b><span style=\"font-weight: 400;\"> &#8211; Se utilizan para analizar la experiencia del usuario y as\u00ed optimizar el rendimiento de navegaci\u00f3n, ofreciendo mayor calidad y velocidad de acceso y corrigiendo problemas de manera m\u00e1s r\u00e1pida y efectiva. Estas cookies se utilizan para an\u00e1lisis estad\u00edsticos, sin recopilar informaci\u00f3n personal.<\/span><\/p>\n<p><b>Funcionales<\/b><span style=\"font-weight: 400;\"> &#8211; El prop\u00f3sito de estas cookies es recordar las preferencias de un usuario para que, por ejemplo, no sea necesario volver a configurar el sitio en cada visita. Por ejemplo, esto puede evitar que tenga que escribir su nombre cada vez que accede a un \u00e1rea donde hay un formulario de identificaci\u00f3n.<\/span><\/p>\n<p><b>De terceros<\/b><span style=\"font-weight: 400;\"> &#8211; Estas cookies sirven para medir el \u00e9xito de las aplicaciones de terceros y la efectividad de la publicidad de terceros en nuestras p\u00e1ginas web, si las hay.<\/span><\/p>\n<p><b>Publicitarias<\/b><span style=\"font-weight: 400;\"> &#8211; Cuando hay anuncios en cualquier p\u00e1gina web, estas cookies ayudan a orientar los anuncios en funci\u00f3n de los intereses de cada usuario y la cantidad de visitas que el usuario ha realizado, lo que permite limitar la aparici\u00f3n de ciertos anuncios. Estas cookies tambi\u00e9n miden la efectividad del anuncio.<\/span><\/p>\n<p><b>Comportamiento de las cookies:<\/b><\/p>\n<p><b>Pueden ser permanentes<\/b><span style=\"font-weight: 400;\"> &#8211; Estas permanecen en el navegador de su dispositivo de acceso (computadora, tel\u00e9fono celular o tableta) y se utilizar\u00e1n cada vez que realice otra visita. Generalmente se utilizan para dirigir el navegador de acuerdo con los intereses del usuario, lo que nos permite brindar un servicio m\u00e1s personalizado.<\/span><\/p>\n<p><b>Cookies de sesi\u00f3n<\/b><span style=\"font-weight: 400;\"> &#8211; Son cookies temporales que permanecen en su navegador hasta que abandona el sitio web. Recopilan informaci\u00f3n que permite identificar problemas y proporcionar una mejor experiencia de navegaci\u00f3n.<\/span><\/p>\n<p><span style=\"font-weight: 400;\">Todos los navegadores permiten a los usuarios aceptar, rechazar o eliminar cookies individualmente, mediante la elecci\u00f3n de las configuraciones apropiadas en el navegador respectivo.<\/span><\/p>\n<p><span style=\"font-weight: 400;\">Pero recuerde, cuando desactiva las cookies, puede dejar de funcionar correctamente ciertos servicios, afectando parcial o totalmente la experiencia de navegaci\u00f3n en la p\u00e1gina web.<\/span><\/p>\n<p><span style=\"font-weight: 400;\">VYDENCE\u00ae puede cambiar esta pol\u00edtica de cookies seg\u00fan sea necesario. Consulte esta p\u00e1gina peri\u00f3dicamente si desea monitorear estos cambios.<\/span><\/p>\n<p><span style=\"font-weight: 400;\"><\/span><\/p>\n<p><em><span style=\"font-weight: 400;\">Pol\u00edtica actualizada: noviembre\/2020<\/span><\/em>[\/et_pb_text][\/et_pb_column][\/et_pb_row][\/et_pb_section]<\/p>\n","protected":false},"excerpt":{"rendered":"<p>Pol\u00edtica de Cookies de VYDENCE\u00ae Medical Utilizamos cookies para mejorar el rendimiento y su experiencia en nuestro sitio web. \u00bfQu\u00e9 es una cookie? El t\u00e9rmino cookie se refiere a peque\u00f1os archivos de texto que un sitio web o cualquier p\u00e1gina web coloca en la computadora o dispositivo m\u00f3vil del usuario a trav\u00e9s del navegador de [&hellip;]<\/p>\n","protected":false},"author":1,"featured_media":0,"parent":0,"menu_order":0,"comment_status":"closed","ping_status":"closed","template":"","meta":{"_et_pb_use_builder":"on","_et_pb_old_content":"<!-- wp:heading -->\n<h2 class=\"wp-block-heading\">Who we are<\/h2>\n<!-- \/wp:heading -->\n<!-- wp:paragraph -->\n<p><strong class=\"privacy-policy-tutorial\">Suggested text: <\/strong>Our website address is: https:\/\/dev.encti.xyz\/vydence.<\/p>\n<!-- \/wp:paragraph -->\n<!-- wp:heading -->\n<h2 class=\"wp-block-heading\">Comments<\/h2>\n<!-- \/wp:heading -->\n<!-- wp:paragraph -->\n<p><strong class=\"privacy-policy-tutorial\">Suggested text: <\/strong>When visitors leave comments on the site we collect the data shown in the comments form, and also the visitor&#8217;s IP address and browser user agent string to help spam detection.<\/p>\n<!-- \/wp:paragraph -->\n<!-- wp:paragraph -->\n<p>An anonymized string created from your email address (also called a hash) may be provided to the Gravatar service to see if you are using it. The Gravatar service privacy policy is available here: https:\/\/automattic.com\/privacy\/. After approval of your comment, your profile picture is visible to the public in the context of your comment.<\/p>\n<!-- \/wp:paragraph -->\n<!-- wp:heading -->\n<h2 class=\"wp-block-heading\">Media<\/h2>\n<!-- \/wp:heading -->\n<!-- wp:paragraph -->\n<p><strong class=\"privacy-policy-tutorial\">Suggested text: <\/strong>If you upload images to the website, you should avoid uploading images with embedded location data (EXIF GPS) included. Visitors to the website can download and extract any location data from images on the website.<\/p>\n<!-- \/wp:paragraph -->\n<!-- wp:heading -->\n<h2 class=\"wp-block-heading\">Cookies<\/h2>\n<!-- \/wp:heading -->\n<!-- wp:paragraph -->\n<p><strong class=\"privacy-policy-tutorial\">Suggested text: <\/strong>If you leave a comment on our site you may opt-in to saving your name, email address and website in cookies. These are for your convenience so that you do not have to fill in your details again when you leave another comment. These cookies will last for one year.<\/p>\n<!-- \/wp:paragraph -->\n<!-- wp:paragraph -->\n<p>If you visit our login page, we will set a temporary cookie to determine if your browser accepts cookies. This cookie contains no personal data and is discarded when you close your browser.<\/p>\n<!-- \/wp:paragraph -->\n<!-- wp:paragraph -->\n<p>When you log in, we will also set up several cookies to save your login information and your screen display choices. Login cookies last for two days, and screen options cookies last for a year. If you select &quot;Remember Me&quot;, your login will persist for two weeks. If you log out of your account, the login cookies will be removed.<\/p>\n<!-- \/wp:paragraph -->\n<!-- wp:paragraph -->\n<p>If you edit or publish an article, an additional cookie will be saved in your browser. This cookie includes no personal data and simply indicates the post ID of the article you just edited. It expires after 1 day.<\/p>\n<!-- \/wp:paragraph -->\n<!-- wp:heading -->\n<h2 class=\"wp-block-heading\">Embedded content from other websites<\/h2>\n<!-- \/wp:heading -->\n<!-- wp:paragraph -->\n<p><strong class=\"privacy-policy-tutorial\">Suggested text: <\/strong>Articles on this site may include embedded content (e.g. videos, images, articles, etc.). Embedded content from other websites behaves in the exact same way as if the visitor has visited the other website.<\/p>\n<!-- \/wp:paragraph -->\n<!-- wp:paragraph -->\n<p>These websites may collect data about you, use cookies, embed additional third-party tracking, and monitor your interaction with that embedded content, including tracking your interaction with the embedded content if you have an account and are logged in to that website.<\/p>\n<!-- \/wp:paragraph -->\n<!-- wp:heading -->\n<h2 class=\"wp-block-heading\">Who we share your data with<\/h2>\n<!-- \/wp:heading -->\n<!-- wp:paragraph -->\n<p><strong class=\"privacy-policy-tutorial\">Suggested text: <\/strong>If you request a password reset, your IP address will be included in the reset email.<\/p>\n<!-- \/wp:paragraph -->\n<!-- wp:heading -->\n<h2 class=\"wp-block-heading\">How long we retain your data<\/h2>\n<!-- \/wp:heading -->\n<!-- wp:paragraph -->\n<p><strong class=\"privacy-policy-tutorial\">Suggested text: <\/strong>If you leave a comment, the comment and its metadata are retained indefinitely. This is so we can recognize and approve any follow-up comments automatically instead of holding them in a moderation queue.<\/p>\n<!-- \/wp:paragraph -->\n<!-- wp:paragraph -->\n<p>For users that register on our website (if any), we also store the personal information they provide in their user profile. All users can see, edit, or delete their personal information at any time (except they cannot change their username). Website administrators can also see and edit that information.<\/p>\n<!-- \/wp:paragraph -->\n<!-- wp:heading -->\n<h2 class=\"wp-block-heading\">What rights you have over your data<\/h2>\n<!-- \/wp:heading -->\n<!-- wp:paragraph -->\n<p><strong class=\"privacy-policy-tutorial\">Suggested text: <\/strong>If you have an account on this site, or have left comments, you can request to receive an exported file of the personal data we hold about you, including any data you have provided to us. You can also request that we erase any personal data we hold about you. This does not include any data we are obliged to keep for administrative, legal, or security purposes.<\/p>\n<!-- \/wp:paragraph -->\n<!-- wp:heading -->\n<h2 class=\"wp-block-heading\">Where your data is sent<\/h2>\n<!-- \/wp:heading -->\n<!-- wp:paragraph -->\n<p><strong class=\"privacy-policy-tutorial\">Suggested text: <\/strong>Visitor comments may be checked through an automated spam detection service.<\/p>\n<!-- \/wp:paragraph -->\n","_et_gb_content_width":"","inline_featured_image":false,"footnotes":""},"class_list":["post-20106","page","type-page","status-publish","hentry"],"yoast_head":"<!-- This site is optimized with the Yoast SEO Premium plugin v27.1 (Yoast SEO v27.4) - https:\/\/yoast.com\/product\/yoast-seo-premium-wordpress\/ -->\n<title>Pol\u00edtica de cookies - VYDENCE<\/title>\n<meta name=\"robots\" content=\"index, follow, max-snippet:-1, max-image-preview:large, max-video-preview:-1\" \/>\n<link rel=\"canonical\" href=\"https:\/\/www.vydence.com\/es\/politica-de-cookies\/\" \/>\n<meta property=\"og:locale\" content=\"es_ES\" \/>\n<meta property=\"og:type\" content=\"article\" \/>\n<meta property=\"og:title\" content=\"Pol\u00edtica de cookies\" \/>\n<meta property=\"og:description\" content=\"Pol\u00edtica de Cookies de VYDENCE\u00ae Medical Utilizamos cookies para mejorar el rendimiento y su experiencia en nuestro sitio web. \u00bfQu\u00e9 es una cookie? El t\u00e9rmino cookie se refiere a peque\u00f1os archivos de texto que un sitio web o cualquier p\u00e1gina web coloca en la computadora o dispositivo m\u00f3vil del usuario a trav\u00e9s del navegador de [&hellip;]\" \/>\n<meta property=\"og:url\" content=\"https:\/\/www.vydence.com\/es\/politica-de-cookies\/\" \/>\n<meta property=\"og:site_name\" content=\"VYDENCE\" \/>\n<meta property=\"article:publisher\" content=\"https:\/\/www.facebook.com\/VYDENCE\" \/>\n<meta property=\"article:modified_time\" content=\"2025-02-04T00:44:38+00:00\" \/>\n<meta name=\"twitter:card\" content=\"summary_large_image\" \/>\n<meta name=\"twitter:label1\" content=\"Tiempo de lectura\" \/>\n\t<meta name=\"twitter:data1\" content=\"4 minutos\" \/>\n<script type=\"application\/ld+json\" class=\"yoast-schema-graph\">{\"@context\":\"https:\\\/\\\/schema.org\",\"@graph\":[{\"@type\":\"WebPage\",\"@id\":\"https:\\\/\\\/www.vydence.com\\\/es\\\/politica-de-cookies\\\/\",\"url\":\"https:\\\/\\\/www.vydence.com\\\/es\\\/politica-de-cookies\\\/\",\"name\":\"Pol\u00edtica de cookies - VYDENCE\",\"isPartOf\":{\"@id\":\"https:\\\/\\\/www.vydence.com\\\/es\\\/#website\"},\"datePublished\":\"2025-01-10T04:19:13+00:00\",\"dateModified\":\"2025-02-04T00:44:38+00:00\",\"breadcrumb\":{\"@id\":\"https:\\\/\\\/www.vydence.com\\\/es\\\/politica-de-cookies\\\/#breadcrumb\"},\"inLanguage\":\"es\",\"potentialAction\":[{\"@type\":\"ReadAction\",\"target\":[\"https:\\\/\\\/www.vydence.com\\\/es\\\/politica-de-cookies\\\/\"]}]},{\"@type\":\"BreadcrumbList\",\"@id\":\"https:\\\/\\\/www.vydence.com\\\/es\\\/politica-de-cookies\\\/#breadcrumb\",\"itemListElement\":[{\"@type\":\"ListItem\",\"position\":1,\"name\":\"In\u00edcio\",\"item\":\"https:\\\/\\\/www.vydence.com\\\/es\\\/\"},{\"@type\":\"ListItem\",\"position\":2,\"name\":\"Pol\u00edtica de cookies\"}]},{\"@type\":\"WebSite\",\"@id\":\"https:\\\/\\\/www.vydence.com\\\/es\\\/#website\",\"url\":\"https:\\\/\\\/www.vydence.com\\\/es\\\/\",\"name\":\"VYDENCE\",\"description\":\"\",\"publisher\":{\"@id\":\"https:\\\/\\\/www.vydence.com\\\/es\\\/#organization\"},\"potentialAction\":[{\"@type\":\"SearchAction\",\"target\":{\"@type\":\"EntryPoint\",\"urlTemplate\":\"https:\\\/\\\/www.vydence.com\\\/es\\\/?s={search_term_string}\"},\"query-input\":{\"@type\":\"PropertyValueSpecification\",\"valueRequired\":true,\"valueName\":\"search_term_string\"}}],\"inLanguage\":\"es\"},{\"@type\":\"Organization\",\"@id\":\"https:\\\/\\\/www.vydence.com\\\/es\\\/#organization\",\"name\":\"VYDENCE\",\"url\":\"https:\\\/\\\/www.vydence.com\\\/es\\\/\",\"logo\":{\"@type\":\"ImageObject\",\"inLanguage\":\"es\",\"@id\":\"https:\\\/\\\/www.vydence.com\\\/es\\\/#\\\/schema\\\/logo\\\/image\\\/\",\"url\":\"https:\\\/\\\/www.vydence.com\\\/wp-content\\\/uploads\\\/2024\\\/11\\\/Logo.svg\",\"contentUrl\":\"https:\\\/\\\/www.vydence.com\\\/wp-content\\\/uploads\\\/2024\\\/11\\\/Logo.svg\",\"width\":149,\"height\":40,\"caption\":\"VYDENCE\"},\"image\":{\"@id\":\"https:\\\/\\\/www.vydence.com\\\/es\\\/#\\\/schema\\\/logo\\\/image\\\/\"},\"sameAs\":[\"https:\\\/\\\/www.facebook.com\\\/VYDENCE\"]}]}<\/script>\n<!-- \/ Yoast SEO Premium plugin. -->","yoast_head_json":{"title":"Pol\u00edtica de cookies - VYDENCE","robots":{"index":"index","follow":"follow","max-snippet":"max-snippet:-1","max-image-preview":"max-image-preview:large","max-video-preview":"max-video-preview:-1"},"canonical":"https:\/\/www.vydence.com\/es\/politica-de-cookies\/","og_locale":"es_ES","og_type":"article","og_title":"Pol\u00edtica de cookies","og_description":"Pol\u00edtica de Cookies de VYDENCE\u00ae Medical Utilizamos cookies para mejorar el rendimiento y su experiencia en nuestro sitio web. \u00bfQu\u00e9 es una cookie? El t\u00e9rmino cookie se refiere a peque\u00f1os archivos de texto que un sitio web o cualquier p\u00e1gina web coloca en la computadora o dispositivo m\u00f3vil del usuario a trav\u00e9s del navegador de [&hellip;]","og_url":"https:\/\/www.vydence.com\/es\/politica-de-cookies\/","og_site_name":"VYDENCE","article_publisher":"https:\/\/www.facebook.com\/VYDENCE","article_modified_time":"2025-02-04T00:44:38+00:00","twitter_card":"summary_large_image","twitter_misc":{"Tiempo de lectura":"4 minutos"},"schema":{"@context":"https:\/\/schema.org","@graph":[{"@type":"WebPage","@id":"https:\/\/www.vydence.com\/es\/politica-de-cookies\/","url":"https:\/\/www.vydence.com\/es\/politica-de-cookies\/","name":"Pol\u00edtica de cookies - VYDENCE","isPartOf":{"@id":"https:\/\/www.vydence.com\/es\/#website"},"datePublished":"2025-01-10T04:19:13+00:00","dateModified":"2025-02-04T00:44:38+00:00","breadcrumb":{"@id":"https:\/\/www.vydence.com\/es\/politica-de-cookies\/#breadcrumb"},"inLanguage":"es","potentialAction":[{"@type":"ReadAction","target":["https:\/\/www.vydence.com\/es\/politica-de-cookies\/"]}]},{"@type":"BreadcrumbList","@id":"https:\/\/www.vydence.com\/es\/politica-de-cookies\/#breadcrumb","itemListElement":[{"@type":"ListItem","position":1,"name":"In\u00edcio","item":"https:\/\/www.vydence.com\/es\/"},{"@type":"ListItem","position":2,"name":"Pol\u00edtica de cookies"}]},{"@type":"WebSite","@id":"https:\/\/www.vydence.com\/es\/#website","url":"https:\/\/www.vydence.com\/es\/","name":"VYDENCE","description":"","publisher":{"@id":"https:\/\/www.vydence.com\/es\/#organization"},"potentialAction":[{"@type":"SearchAction","target":{"@type":"EntryPoint","urlTemplate":"https:\/\/www.vydence.com\/es\/?s={search_term_string}"},"query-input":{"@type":"PropertyValueSpecification","valueRequired":true,"valueName":"search_term_string"}}],"inLanguage":"es"},{"@type":"Organization","@id":"https:\/\/www.vydence.com\/es\/#organization","name":"VYDENCE","url":"https:\/\/www.vydence.com\/es\/","logo":{"@type":"ImageObject","inLanguage":"es","@id":"https:\/\/www.vydence.com\/es\/#\/schema\/logo\/image\/","url":"https:\/\/www.vydence.com\/wp-content\/uploads\/2024\/11\/Logo.svg","contentUrl":"https:\/\/www.vydence.com\/wp-content\/uploads\/2024\/11\/Logo.svg","width":149,"height":40,"caption":"VYDENCE"},"image":{"@id":"https:\/\/www.vydence.com\/es\/#\/schema\/logo\/image\/"},"sameAs":["https:\/\/www.facebook.com\/VYDENCE"]}]}},"_links":{"self":[{"href":"https:\/\/www.vydence.com\/es\/wp-json\/wp\/v2\/pages\/20106","targetHints":{"allow":["GET"]}}],"collection":[{"href":"https:\/\/www.vydence.com\/es\/wp-json\/wp\/v2\/pages"}],"about":[{"href":"https:\/\/www.vydence.com\/es\/wp-json\/wp\/v2\/types\/page"}],"author":[{"embeddable":true,"href":"https:\/\/www.vydence.com\/es\/wp-json\/wp\/v2\/users\/1"}],"replies":[{"embeddable":true,"href":"https:\/\/www.vydence.com\/es\/wp-json\/wp\/v2\/comments?post=20106"}],"version-history":[{"count":1,"href":"https:\/\/www.vydence.com\/es\/wp-json\/wp\/v2\/pages\/20106\/revisions"}],"predecessor-version":[{"id":20110,"href":"https:\/\/www.vydence.com\/es\/wp-json\/wp\/v2\/pages\/20106\/revisions\/20110"}],"wp:attachment":[{"href":"https:\/\/www.vydence.com\/es\/wp-json\/wp\/v2\/media?parent=20106"}],"curies":[{"name":"wp","href":"https:\/\/api.w.org\/{rel}","templated":true}]}}